{"id":13544,"date":"2023-06-01T08:12:58","date_gmt":"2023-06-01T08:12:58","guid":{"rendered":"https:\/\/industrialbaymar.es\/?page_id=13544"},"modified":"2023-06-01T08:18:08","modified_gmt":"2023-06-01T08:18:08","slug":"sobre-nosotros","status":"publish","type":"page","link":"https:\/\/industrialbaymar.es\/en\/sobre-nosotros\/","title":{"rendered":"Compra art\u00edculos de metal con los mejores acabados para uso industrial con Industrial Baymar. M\u00e1s de 50 a\u00f1os de experiencia.\u2063 Compra hoy."},"content":{"rendered":"<p>Industrial Baymar es una empresa dedicada a los productos met\u00e1licos, como anillos, insignias, llaveros y mucho m\u00e1s. Creen en la creaci\u00f3n de productos de la m\u00e1xima calidad al tiempo que mantienen un compromiso con las normas \u00e9ticas de fabricaci\u00f3n. Industrial Baymar se esfuerza por ofrecer a sus clientes dise\u00f1os innovadores que aporten significado y personalidad a los objetos cotidianos. Con su compromiso con la calidad y su amplia selecci\u00f3n de productos disponibles, Industrial Baymar es sin duda un activo para cualquier producto.<\/p>\n\n\n\n<figure class=\"wp-block-image size-full is-resized\"><img data-recalc-dims=\"1\" loading=\"lazy\" decoding=\"async\" src=\"https:\/\/i0.wp.com\/industrialbaymar.es\/wp-content\/uploads\/2023\/06\/industrialbaymar-1.jpg?resize=640%2C480&#038;ssl=1\" alt=\"\" class=\"wp-image-13553\" width=\"640\" height=\"480\" srcset=\"https:\/\/i0.wp.com\/industrialbaymar.es\/wp-content\/uploads\/2023\/06\/industrialbaymar-1.jpg?w=640&amp;ssl=1 640w, https:\/\/i0.wp.com\/industrialbaymar.es\/wp-content\/uploads\/2023\/06\/industrialbaymar-1.jpg?resize=300%2C225&amp;ssl=1 300w, https:\/\/i0.wp.com\/industrialbaymar.es\/wp-content\/uploads\/2023\/06\/industrialbaymar-1.jpg?resize=48%2C36&amp;ssl=1 48w\" sizes=\"auto, (max-width: 640px) 100vw, 640px\" \/><\/figure>\n\n\n\n<p>Empresa Familiar fundada en C\u00f3rdoba en 1963, dedicada originariamente a la distribuci\u00f3n de art\u00edculos de pl\u00e1stico e inyecci\u00f3n.<\/p>\n\n\n\n<p>En 1975 la empresa ampli\u00f3 su \u00e1rea de negocio con la introducci\u00f3n de la fabricaci\u00f3n de productos propios met\u00e1licos tales como llaveros, insignias, pisacorbatas, etc.<\/p>\n\n\n\n<p>Poco despu\u00e9s en 1980, la empresa ampliar\u00eda sus instalaciones para ajustarse a la nueva situaci\u00f3n provocada por la integraci\u00f3n hacia atr\u00e1s en el proceso productivo.<\/p>\n\n\n\n<p>Actualmente contamos con una red comercial que cubre todo el \u00e1mbito nacional e internacional, gracias a su incorporaci\u00f3n a una asociaci\u00f3n europea especializada en el sector<\/p>","protected":false},"excerpt":{"rendered":"<p>Industrial Baymar es una empresa dedicada a los productos met\u00e1licos, como anillos, insignias, llaveros y mucho m\u00e1s. Creen en la creaci\u00f3n de productos de la m\u00e1xima calidad al tiempo que mantienen un compromiso con las normas \u00e9ticas de fabricaci\u00f3n. Industrial Baymar se esfuerza por ofrecer a sus clientes dise\u00f1os innovadores que aporten significado y personalidad &hellip;<\/p>\n<p class=\"read-more\"> <a class=\"thunk-readmore button\" href=\"https:\/\/industrialbaymar.es\/en\/sobre-nosotros\/\"> <span class=\"screen-reader-text\">Compra art\u00edculos de metal con los mejores acabados para uso industrial con Industrial Baymar. M\u00e1s de 50 a\u00f1os de experiencia.\u2063 Compra hoy.<\/span>Read More<\/a><\/p>","protected":false},"author":1,"featured_media":0,"parent":0,"menu_order":0,"comment_status":"closed","ping_status":"closed","template":"","meta":{"footnotes":""},"class_list":["post-13544","page","type-page","status-publish","hentry","thunk-woo-product-list","opn-qv-enable","top-store-woo-hover-zoom","top-store-single-product-tab-horizontal","top-store-shadow-","top-store-shadow-hover-"],"jetpack-related-posts":[],"jetpack_sharing_enabled":true,"_links":{"self":[{"href":"https:\/\/industrialbaymar.es\/en\/wp-json\/wp\/v2\/pages\/13544","targetHints":{"allow":["GET"]}}],"collection":[{"href":"https:\/\/industrialbaymar.es\/en\/wp-json\/wp\/v2\/pages"}],"about":[{"href":"https:\/\/industrialbaymar.es\/en\/wp-json\/wp\/v2\/types\/page"}],"author":[{"embeddable":true,"href":"https:\/\/industrialbaymar.es\/en\/wp-json\/wp\/v2\/users\/1"}],"replies":[{"embeddable":true,"href":"https:\/\/industrialbaymar.es\/en\/wp-json\/wp\/v2\/comments?post=13544"}],"version-history":[{"count":5,"href":"https:\/\/industrialbaymar.es\/en\/wp-json\/wp\/v2\/pages\/13544\/revisions"}],"predecessor-version":[{"id":13555,"href":"https:\/\/industrialbaymar.es\/en\/wp-json\/wp\/v2\/pages\/13544\/revisions\/13555"}],"wp:attachment":[{"href":"https:\/\/industrialbaymar.es\/en\/wp-json\/wp\/v2\/media?parent=13544"}],"curies":[{"name":"wp","href":"https:\/\/api.w.org\/{rel}","templated":true}]}}