{"id":12607,"date":"2023-03-31T08:27:11","date_gmt":"2023-03-31T08:27:11","guid":{"rendered":"https:\/\/www.industrialbaymar.es\/wordpress\/?post_type=product&#038;p=12607"},"modified":"2026-03-31T00:50:07","modified_gmt":"2026-03-31T00:50:07","slug":"llavero-volumen-fundicion-en-metal-aleacion","status":"publish","type":"product","link":"https:\/\/industrialbaymar.es\/en\/product\/llavero-volumen-fundicion-en-metal-aleacion\/","title":{"rendered":"Llavero volumen fundici\u00f3n en metal aleaci\u00f3n"},"content":{"rendered":"<p>IB-20200 Llavero volumen fundici\u00f3n en metal aleaci\u00f3n, con medida m\u00e1xima de 38 x38mm y grosor entre 3.5 a 4mm, con grabaci\u00f3n en bajo relieve por ambas caras del logo. Se puede realizar cualquier forma que desee el cliente.<\/p>\n<p>*El ba\u00f1o de n\u00edquel brillo as\u00ed como los modelos de colgantes esta incluido en todos los modelos de llaveros salvo donde se especifique lo contrario. No incluidos esmaltes. Consultar en tarifa suplementos y terminaciones para a\u00f1adir al precio base.<\/p>","protected":false},"excerpt":{"rendered":"<p>IB-20200 Llavero volumen fundici\u00f3n en metal aleaci\u00f3n, con medida m\u00e1xima de 38 x38mm y grosor entre 3.5 a 4mm, con grabaci\u00f3n en bajo relieve por ambas caras del logo. Se puede realizar cualquier forma que desee el cliente. *El ba\u00f1o de n\u00edquel brillo as\u00ed como los modelos de colgantes esta incluido en todos los modelos &hellip;<\/p>\n<p class=\"read-more\"> <a class=\"thunk-readmore button\" href=\"https:\/\/industrialbaymar.es\/en\/product\/llavero-volumen-fundicion-en-metal-aleacion\/\"> <span class=\"screen-reader-text\">Llavero volumen fundici\u00f3n en metal aleaci\u00f3n<\/span>Read More<\/a><\/p>","protected":false},"featured_media":12608,"comment_status":"open","ping_status":"closed","template":"","meta":[],"product_brand":[],"product_cat":[253],"product_tag":[],"class_list":{"0":"post-12607","1":"product","2":"type-product","3":"status-publish","4":"has-post-thumbnail","6":"product_cat-llaveros","7":"thunk-woo-product-list","8":"opn-qv-enable","9":"top-store-woo-hover-zoom","10":"top-store-single-product-tab-horizontal","11":"top-store-shadow-","12":"top-store-shadow-hover-","14":"first","15":"instock","16":"shipping-taxable","17":"product-type-simple"},"jetpack-related-posts":[],"jetpack_sharing_enabled":true,"_links":{"self":[{"href":"https:\/\/industrialbaymar.es\/en\/wp-json\/wp\/v2\/product\/12607","targetHints":{"allow":["GET"]}}],"collection":[{"href":"https:\/\/industrialbaymar.es\/en\/wp-json\/wp\/v2\/product"}],"about":[{"href":"https:\/\/industrialbaymar.es\/en\/wp-json\/wp\/v2\/types\/product"}],"replies":[{"embeddable":true,"href":"https:\/\/industrialbaymar.es\/en\/wp-json\/wp\/v2\/comments?post=12607"}],"wp:featuredmedia":[{"embeddable":true,"href":"https:\/\/industrialbaymar.es\/en\/wp-json\/wp\/v2\/media\/12608"}],"wp:attachment":[{"href":"https:\/\/industrialbaymar.es\/en\/wp-json\/wp\/v2\/media?parent=12607"}],"wp:term":[{"taxonomy":"product_brand","embeddable":true,"href":"https:\/\/industrialbaymar.es\/en\/wp-json\/wp\/v2\/product_brand?post=12607"},{"taxonomy":"product_cat","embeddable":true,"href":"https:\/\/industrialbaymar.es\/en\/wp-json\/wp\/v2\/product_cat?post=12607"},{"taxonomy":"product_tag","embeddable":true,"href":"https:\/\/industrialbaymar.es\/en\/wp-json\/wp\/v2\/product_tag?post=12607"}],"curies":[{"name":"wp","href":"https:\/\/api.w.org\/{rel}","templated":true}]}}