{"id":12621,"date":"2023-03-31T08:37:37","date_gmt":"2023-03-31T08:37:37","guid":{"rendered":"https:\/\/www.industrialbaymar.es\/wordpress\/?post_type=product&#038;p=12621"},"modified":"2026-03-31T00:49:32","modified_gmt":"2026-03-31T00:49:32","slug":"llavero-fotograbado-en-fundicion-en-metal-zamack","status":"publish","type":"product","link":"https:\/\/industrialbaymar.es\/en\/product\/llavero-fotograbado-en-fundicion-en-metal-zamack\/","title":{"rendered":"Llavero fotograbado en fundici\u00f3n en metal zamack"},"content":{"rendered":"<p>IB-20400: Llavero fotograbado en fundici\u00f3n en metal zamack, con medida m\u00e1xima de 38 x 38mm y grosor 3mm. Incluye grabaci\u00f3n del logo en bajo relieve o relieve plano por ambas caras. Se puede realizar cualquier forma que desee el cliente.<\/p>\n<p>*El ba\u00f1o de n\u00edquel brillo as\u00ed como los modelos de colgantes est\u00e1 incluido en todos los modelos de llaveros salvo donde se especifique lo contrario. No incluidos esmaltes. Consultar tarifa suplementos y terminaciones para a\u00f1adir al precio base<\/p>","protected":false},"excerpt":{"rendered":"<p>IB-20400: Llavero fotograbado en fundici\u00f3n en metal zamack, con medida m\u00e1xima de 38 x 38mm y grosor 3mm. Incluye grabaci\u00f3n del logo en bajo relieve o relieve plano por ambas caras. Se puede realizar cualquier forma que desee el cliente. *El ba\u00f1o de n\u00edquel brillo as\u00ed como los modelos de colgantes est\u00e1 incluido en todos &hellip;<\/p>\n<p class=\"read-more\"> <a class=\"thunk-readmore button\" href=\"https:\/\/industrialbaymar.es\/en\/product\/llavero-fotograbado-en-fundicion-en-metal-zamack\/\"> <span class=\"screen-reader-text\">Llavero fotograbado en fundici\u00f3n en metal zamack<\/span>Read More<\/a><\/p>","protected":false},"featured_media":13358,"comment_status":"open","ping_status":"closed","template":"","meta":[],"product_brand":[],"product_cat":[253],"product_tag":[],"class_list":{"0":"post-12621","1":"product","2":"type-product","3":"status-publish","4":"has-post-thumbnail","6":"product_cat-llaveros","7":"thunk-woo-product-list","8":"opn-qv-enable","9":"top-store-woo-hover-zoom","10":"top-store-single-product-tab-horizontal","11":"top-store-shadow-","12":"top-store-shadow-hover-","14":"first","15":"instock","16":"shipping-taxable","17":"product-type-simple"},"jetpack-related-posts":[],"jetpack_sharing_enabled":true,"_links":{"self":[{"href":"https:\/\/industrialbaymar.es\/en\/wp-json\/wp\/v2\/product\/12621","targetHints":{"allow":["GET"]}}],"collection":[{"href":"https:\/\/industrialbaymar.es\/en\/wp-json\/wp\/v2\/product"}],"about":[{"href":"https:\/\/industrialbaymar.es\/en\/wp-json\/wp\/v2\/types\/product"}],"replies":[{"embeddable":true,"href":"https:\/\/industrialbaymar.es\/en\/wp-json\/wp\/v2\/comments?post=12621"}],"wp:featuredmedia":[{"embeddable":true,"href":"https:\/\/industrialbaymar.es\/en\/wp-json\/wp\/v2\/media\/13358"}],"wp:attachment":[{"href":"https:\/\/industrialbaymar.es\/en\/wp-json\/wp\/v2\/media?parent=12621"}],"wp:term":[{"taxonomy":"product_brand","embeddable":true,"href":"https:\/\/industrialbaymar.es\/en\/wp-json\/wp\/v2\/product_brand?post=12621"},{"taxonomy":"product_cat","embeddable":true,"href":"https:\/\/industrialbaymar.es\/en\/wp-json\/wp\/v2\/product_cat?post=12621"},{"taxonomy":"product_tag","embeddable":true,"href":"https:\/\/industrialbaymar.es\/en\/wp-json\/wp\/v2\/product_tag?post=12621"}],"curies":[{"name":"wp","href":"https:\/\/api.w.org\/{rel}","templated":true}]}}