{"id":12634,"date":"2023-03-31T08:41:29","date_gmt":"2023-03-31T08:41:29","guid":{"rendered":"https:\/\/www.industrialbaymar.es\/wordpress\/?post_type=product&#038;p=12634"},"modified":"2025-12-01T10:46:15","modified_gmt":"2025-12-01T10:46:15","slug":"llavero-fotograbado-con-foto-y-resina","status":"publish","type":"product","link":"https:\/\/industrialbaymar.es\/en\/product\/llavero-fotograbado-con-foto-y-resina\/","title":{"rendered":"Llavero fotograbado con foto y resina"},"content":{"rendered":"<p>IB-20450: Llavero fotograbado con foto y resina 1 o dos caras, en fundici\u00f3n, metal zamack, con medida m\u00e1xima de 38 x38mm y grosor de 3mm. Incluye grabaci\u00f3n del logo en bajo relieve o relieve plano por ambas caras. Se puede realizar cualquier forma que desee el cliente<\/p>\n<p>IB-20460: Llavero fotograbado con foto y resina 1 o dos caras, con forma irregular, en fundici\u00f3n, metal zamack, con medida m\u00e1xima de 38 x38mm y grosor de 3mm. Se puede realizar cualquier forma que desee el cliente.<\/p>","protected":false},"excerpt":{"rendered":"<p>IB-20450: Llavero fotograbado con foto y resina 1 o dos caras, en fundici\u00f3n, metal zamack, con medida m\u00e1xima de 38 x38mm y grosor de 3mm. Incluye grabaci\u00f3n del logo en bajo relieve o relieve plano por ambas caras. Se puede realizar cualquier forma que desee el cliente IB-20460: Llavero fotograbado con foto y resina 1 &hellip;<\/p>\n<p class=\"read-more\"> <a class=\"thunk-readmore button\" href=\"https:\/\/industrialbaymar.es\/en\/product\/llavero-fotograbado-con-foto-y-resina\/\"> <span class=\"screen-reader-text\">Llavero fotograbado con foto y resina<\/span>Read More<\/a><\/p>","protected":false},"featured_media":13356,"comment_status":"open","ping_status":"closed","template":"","meta":[],"product_brand":[],"product_cat":[253],"product_tag":[],"class_list":{"0":"post-12634","1":"product","2":"type-product","3":"status-publish","4":"has-post-thumbnail","6":"product_cat-llaveros","7":"thunk-woo-product-list","8":"opn-qv-enable","9":"top-store-woo-hover-zoom","10":"top-store-single-product-tab-horizontal","11":"top-store-shadow-","12":"top-store-shadow-hover-","14":"first","15":"instock","16":"shipping-taxable","17":"product-type-simple"},"jetpack-related-posts":[],"jetpack_sharing_enabled":true,"_links":{"self":[{"href":"https:\/\/industrialbaymar.es\/en\/wp-json\/wp\/v2\/product\/12634","targetHints":{"allow":["GET"]}}],"collection":[{"href":"https:\/\/industrialbaymar.es\/en\/wp-json\/wp\/v2\/product"}],"about":[{"href":"https:\/\/industrialbaymar.es\/en\/wp-json\/wp\/v2\/types\/product"}],"replies":[{"embeddable":true,"href":"https:\/\/industrialbaymar.es\/en\/wp-json\/wp\/v2\/comments?post=12634"}],"wp:featuredmedia":[{"embeddable":true,"href":"https:\/\/industrialbaymar.es\/en\/wp-json\/wp\/v2\/media\/13356"}],"wp:attachment":[{"href":"https:\/\/industrialbaymar.es\/en\/wp-json\/wp\/v2\/media?parent=12634"}],"wp:term":[{"taxonomy":"product_brand","embeddable":true,"href":"https:\/\/industrialbaymar.es\/en\/wp-json\/wp\/v2\/product_brand?post=12634"},{"taxonomy":"product_cat","embeddable":true,"href":"https:\/\/industrialbaymar.es\/en\/wp-json\/wp\/v2\/product_cat?post=12634"},{"taxonomy":"product_tag","embeddable":true,"href":"https:\/\/industrialbaymar.es\/en\/wp-json\/wp\/v2\/product_tag?post=12634"}],"curies":[{"name":"wp","href":"https:\/\/api.w.org\/{rel}","templated":true}]}}