{"id":12673,"date":"2023-03-31T09:13:00","date_gmt":"2023-03-31T09:13:00","guid":{"rendered":"https:\/\/www.industrialbaymar.es\/wordpress\/?post_type=product&#038;p=12673"},"modified":"2026-03-31T14:28:51","modified_gmt":"2026-03-31T14:28:51","slug":"llavero-con-foto-con-resina-en-fundicion","status":"publish","type":"product","link":"https:\/\/industrialbaymar.es\/en\/product\/llavero-con-foto-con-resina-en-fundicion\/","title":{"rendered":"Llavero con foto con resina en fundici\u00f3n"},"content":{"rendered":"<p>IB-20900\/IB-20932: Llavero con foto con resina en fundici\u00f3n, metal zamack, medida aprox 38mm y grosor 3.5 mm. Pueden ir por una o ambas caras con foto con resina.<\/p>\n<p>*El ba\u00f1o de n\u00edquel brillo as\u00ed como los modelos de colgantes est\u00e1 incluido en todos los modelos de llaveros salvo donde se especifique lo contrario. No incluidos esmaltes. Consultar tarifa suplementos y terminaciones para a\u00f1adir al precio base<\/p>","protected":false},"excerpt":{"rendered":"<p>IB-20900\/IB-20932: Llavero con foto con resina en fundici\u00f3n, metal zamack, medida aprox 38mm y grosor 3.5 mm. Pueden ir por una o ambas caras con foto con resina. *El ba\u00f1o de n\u00edquel brillo as\u00ed como los modelos de colgantes est\u00e1 incluido en todos los modelos de llaveros salvo donde se especifique lo contrario. No incluidos &hellip;<\/p>\n<p class=\"read-more\"> <a class=\"thunk-readmore button\" href=\"https:\/\/industrialbaymar.es\/en\/product\/llavero-con-foto-con-resina-en-fundicion\/\"> <span class=\"screen-reader-text\">Llavero con foto con resina en fundici\u00f3n<\/span>Read More<\/a><\/p>","protected":false},"featured_media":13347,"comment_status":"open","ping_status":"closed","template":"","meta":[],"product_brand":[],"product_cat":[253],"product_tag":[],"class_list":{"0":"post-12673","1":"product","2":"type-product","3":"status-publish","4":"has-post-thumbnail","6":"product_cat-llaveros","7":"thunk-woo-product-list","8":"opn-qv-enable","9":"top-store-woo-hover-zoom","10":"top-store-single-product-tab-horizontal","11":"top-store-shadow-","12":"top-store-shadow-hover-","14":"first","15":"instock","16":"shipping-taxable","17":"product-type-simple"},"jetpack-related-posts":[],"jetpack_sharing_enabled":true,"_links":{"self":[{"href":"https:\/\/industrialbaymar.es\/en\/wp-json\/wp\/v2\/product\/12673","targetHints":{"allow":["GET"]}}],"collection":[{"href":"https:\/\/industrialbaymar.es\/en\/wp-json\/wp\/v2\/product"}],"about":[{"href":"https:\/\/industrialbaymar.es\/en\/wp-json\/wp\/v2\/types\/product"}],"replies":[{"embeddable":true,"href":"https:\/\/industrialbaymar.es\/en\/wp-json\/wp\/v2\/comments?post=12673"}],"wp:featuredmedia":[{"embeddable":true,"href":"https:\/\/industrialbaymar.es\/en\/wp-json\/wp\/v2\/media\/13347"}],"wp:attachment":[{"href":"https:\/\/industrialbaymar.es\/en\/wp-json\/wp\/v2\/media?parent=12673"}],"wp:term":[{"taxonomy":"product_brand","embeddable":true,"href":"https:\/\/industrialbaymar.es\/en\/wp-json\/wp\/v2\/product_brand?post=12673"},{"taxonomy":"product_cat","embeddable":true,"href":"https:\/\/industrialbaymar.es\/en\/wp-json\/wp\/v2\/product_cat?post=12673"},{"taxonomy":"product_tag","embeddable":true,"href":"https:\/\/industrialbaymar.es\/en\/wp-json\/wp\/v2\/product_tag?post=12673"}],"curies":[{"name":"wp","href":"https:\/\/api.w.org\/{rel}","templated":true}]}}