{"id":12712,"date":"2023-03-31T12:50:42","date_gmt":"2023-03-31T12:50:42","guid":{"rendered":"https:\/\/www.industrialbaymar.es\/wordpress\/?post_type=product&#038;p=12712"},"modified":"2026-05-10T13:17:36","modified_gmt":"2026-05-10T13:17:36","slug":"llavero-modelo-carro","status":"publish","type":"product","link":"https:\/\/industrialbaymar.es\/en\/product\/llavero-modelo-carro\/","title":{"rendered":"Llavero modelo carro"},"content":{"rendered":"<p>IB-20927: Llavero mod. carro con moneda disponible 1euro y 0,50 c\u00e9ntimos. Mod. colgante mosquet\u00f3n de serie<\/p>\n<p>IB-20929: Llavero mod. carro con moneda disponible 1euro y 0.50 c\u00e9ntimos. Metal aleaci\u00f3n y grosor 2mm. Mod. colgante mosquet\u00f3n de serie<\/p>\n<p>*El ba\u00f1o de n\u00edquel brillo incluido en el precio base. Consultar en tarifa suplementos y terminaciones para a\u00f1adir al precio base<\/p>","protected":false},"excerpt":{"rendered":"<p>IB-20927: Llavero mod. carro con moneda disponible 1euro y 0,50 c\u00e9ntimos. Mod. colgante mosquet\u00f3n de serie IB-20929: Llavero mod. carro con moneda disponible 1euro y 0.50 c\u00e9ntimos. Metal aleaci\u00f3n y grosor 2mm. Mod. colgante mosquet\u00f3n de serie *El ba\u00f1o de n\u00edquel brillo incluido en el precio base. Consultar en tarifa suplementos y terminaciones para a\u00f1adir &hellip;<\/p>\n<p class=\"read-more\"> <a class=\"thunk-readmore button\" href=\"https:\/\/industrialbaymar.es\/en\/product\/llavero-modelo-carro\/\"> <span class=\"screen-reader-text\">Llavero modelo carro<\/span>Read More<\/a><\/p>","protected":false},"featured_media":12713,"comment_status":"open","ping_status":"closed","template":"","meta":[],"product_brand":[],"product_cat":[253],"product_tag":[],"class_list":{"0":"post-12712","1":"product","2":"type-product","3":"status-publish","4":"has-post-thumbnail","6":"product_cat-llaveros","7":"thunk-woo-product-list","8":"opn-qv-enable","9":"top-store-woo-hover-zoom","10":"top-store-single-product-tab-horizontal","11":"top-store-shadow-","12":"top-store-shadow-hover-","14":"first","15":"instock","16":"shipping-taxable","17":"product-type-simple"},"jetpack-related-posts":[],"jetpack_sharing_enabled":true,"_links":{"self":[{"href":"https:\/\/industrialbaymar.es\/en\/wp-json\/wp\/v2\/product\/12712","targetHints":{"allow":["GET"]}}],"collection":[{"href":"https:\/\/industrialbaymar.es\/en\/wp-json\/wp\/v2\/product"}],"about":[{"href":"https:\/\/industrialbaymar.es\/en\/wp-json\/wp\/v2\/types\/product"}],"replies":[{"embeddable":true,"href":"https:\/\/industrialbaymar.es\/en\/wp-json\/wp\/v2\/comments?post=12712"}],"wp:featuredmedia":[{"embeddable":true,"href":"https:\/\/industrialbaymar.es\/en\/wp-json\/wp\/v2\/media\/12713"}],"wp:attachment":[{"href":"https:\/\/industrialbaymar.es\/en\/wp-json\/wp\/v2\/media?parent=12712"}],"wp:term":[{"taxonomy":"product_brand","embeddable":true,"href":"https:\/\/industrialbaymar.es\/en\/wp-json\/wp\/v2\/product_brand?post=12712"},{"taxonomy":"product_cat","embeddable":true,"href":"https:\/\/industrialbaymar.es\/en\/wp-json\/wp\/v2\/product_cat?post=12712"},{"taxonomy":"product_tag","embeddable":true,"href":"https:\/\/industrialbaymar.es\/en\/wp-json\/wp\/v2\/product_tag?post=12712"}],"curies":[{"name":"wp","href":"https:\/\/api.w.org\/{rel}","templated":true}]}}