{"id":12751,"date":"2023-04-03T09:46:45","date_gmt":"2023-04-03T09:46:45","guid":{"rendered":"https:\/\/www.industrialbaymar.es\/wordpress\/?post_type=product&#038;p=12751"},"modified":"2026-03-31T00:46:12","modified_gmt":"2026-03-31T00:46:12","slug":"insignias-fundicion-fotograbado","status":"publish","type":"product","link":"https:\/\/industrialbaymar.es\/en\/product\/insignias-fundicion-fotograbado\/","title":{"rendered":"Insignias fundici\u00f3n fotograbado"},"content":{"rendered":"<p>IB-22600: Insignias fundici\u00f3n fotograbado. Metal zamack. Se puede hacer el mod. que se desee. En el precio base no est\u00e1n incluidos esmaltes. Todos los modelos tienen incluido ba\u00f1o de n\u00edquel<\/p>\n<p>*Consultar en tarifa suplementos y terminaciones para a\u00f1adir o deducir al precio base.<\/p>","protected":false},"excerpt":{"rendered":"<p>IB-22600: Insignias fundici\u00f3n fotograbado. Metal zamack. Se puede hacer el mod. que se desee. En el precio base no est\u00e1n incluidos esmaltes. Todos los modelos tienen incluido ba\u00f1o de n\u00edquel *Consultar en tarifa suplementos y terminaciones para a\u00f1adir o deducir al precio base.<\/p>","protected":false},"featured_media":13326,"comment_status":"open","ping_status":"closed","template":"","meta":[],"product_brand":[],"product_cat":[289],"product_tag":[],"class_list":{"0":"post-12751","1":"product","2":"type-product","3":"status-publish","4":"has-post-thumbnail","6":"product_cat-insignias-y-botones","7":"thunk-woo-product-list","8":"opn-qv-enable","9":"top-store-woo-hover-zoom","10":"top-store-single-product-tab-horizontal","11":"top-store-shadow-","12":"top-store-shadow-hover-","14":"first","15":"instock","16":"shipping-taxable","17":"product-type-simple"},"jetpack-related-posts":[],"jetpack_sharing_enabled":true,"_links":{"self":[{"href":"https:\/\/industrialbaymar.es\/en\/wp-json\/wp\/v2\/product\/12751","targetHints":{"allow":["GET"]}}],"collection":[{"href":"https:\/\/industrialbaymar.es\/en\/wp-json\/wp\/v2\/product"}],"about":[{"href":"https:\/\/industrialbaymar.es\/en\/wp-json\/wp\/v2\/types\/product"}],"replies":[{"embeddable":true,"href":"https:\/\/industrialbaymar.es\/en\/wp-json\/wp\/v2\/comments?post=12751"}],"wp:featuredmedia":[{"embeddable":true,"href":"https:\/\/industrialbaymar.es\/en\/wp-json\/wp\/v2\/media\/13326"}],"wp:attachment":[{"href":"https:\/\/industrialbaymar.es\/en\/wp-json\/wp\/v2\/media?parent=12751"}],"wp:term":[{"taxonomy":"product_brand","embeddable":true,"href":"https:\/\/industrialbaymar.es\/en\/wp-json\/wp\/v2\/product_brand?post=12751"},{"taxonomy":"product_cat","embeddable":true,"href":"https:\/\/industrialbaymar.es\/en\/wp-json\/wp\/v2\/product_cat?post=12751"},{"taxonomy":"product_tag","embeddable":true,"href":"https:\/\/industrialbaymar.es\/en\/wp-json\/wp\/v2\/product_tag?post=12751"}],"curies":[{"name":"wp","href":"https:\/\/api.w.org\/{rel}","templated":true}]}}