{"id":12773,"date":"2023-04-03T09:54:25","date_gmt":"2023-04-03T09:54:25","guid":{"rendered":"https:\/\/www.industrialbaymar.es\/wordpress\/?post_type=product&#038;p=12773"},"modified":"2026-03-31T14:26:36","modified_gmt":"2026-03-31T14:26:36","slug":"insignias-fundicion-alto-relieve-2","status":"publish","type":"product","link":"https:\/\/industrialbaymar.es\/en\/product\/insignias-fundicion-alto-relieve-2\/","title":{"rendered":"Insignias fundici\u00f3n alto relieve"},"content":{"rendered":"<p>IB-22702: Insignias fundici\u00f3n alto relieve. 3 dimensiones. Metal zamack. Se puede hacer el mod. que se desee. Comprobar en tarifa las diferentes medidas a realizar. En el precio base no est\u00e1 incluido esmaltes. Todos los modelos tienen incluido ba\u00f1o de n\u00edquel. Este tipo de modelos requieren buril o escultura en caso de no existir modelo original<\/p>\n<p>*Consultar tarifa suplementos y terminaciones para a\u00f1adir o deducir al precio base.<\/p>","protected":false},"excerpt":{"rendered":"<p>IB-22702: Insignias fundici\u00f3n alto relieve. 3 dimensiones. Metal zamack. Se puede hacer el mod. que se desee. Comprobar en tarifa las diferentes medidas a realizar. En el precio base no est\u00e1 incluido esmaltes. Todos los modelos tienen incluido ba\u00f1o de n\u00edquel. Este tipo de modelos requieren buril o escultura en caso de no existir modelo &hellip;<\/p>\n<p class=\"read-more\"> <a class=\"thunk-readmore button\" href=\"https:\/\/industrialbaymar.es\/en\/product\/insignias-fundicion-alto-relieve-2\/\"> <span class=\"screen-reader-text\">Insignias fundici\u00f3n alto relieve<\/span>Read More<\/a><\/p>","protected":false},"featured_media":12774,"comment_status":"open","ping_status":"closed","template":"","meta":[],"product_brand":[],"product_cat":[289],"product_tag":[],"class_list":{"0":"post-12773","1":"product","2":"type-product","3":"status-publish","4":"has-post-thumbnail","6":"product_cat-insignias-y-botones","7":"thunk-woo-product-list","8":"opn-qv-enable","9":"top-store-woo-hover-zoom","10":"top-store-single-product-tab-horizontal","11":"top-store-shadow-","12":"top-store-shadow-hover-","14":"first","15":"instock","16":"shipping-taxable","17":"product-type-simple"},"jetpack-related-posts":[],"jetpack_sharing_enabled":true,"_links":{"self":[{"href":"https:\/\/industrialbaymar.es\/en\/wp-json\/wp\/v2\/product\/12773","targetHints":{"allow":["GET"]}}],"collection":[{"href":"https:\/\/industrialbaymar.es\/en\/wp-json\/wp\/v2\/product"}],"about":[{"href":"https:\/\/industrialbaymar.es\/en\/wp-json\/wp\/v2\/types\/product"}],"replies":[{"embeddable":true,"href":"https:\/\/industrialbaymar.es\/en\/wp-json\/wp\/v2\/comments?post=12773"}],"wp:featuredmedia":[{"embeddable":true,"href":"https:\/\/industrialbaymar.es\/en\/wp-json\/wp\/v2\/media\/12774"}],"wp:attachment":[{"href":"https:\/\/industrialbaymar.es\/en\/wp-json\/wp\/v2\/media?parent=12773"}],"wp:term":[{"taxonomy":"product_brand","embeddable":true,"href":"https:\/\/industrialbaymar.es\/en\/wp-json\/wp\/v2\/product_brand?post=12773"},{"taxonomy":"product_cat","embeddable":true,"href":"https:\/\/industrialbaymar.es\/en\/wp-json\/wp\/v2\/product_cat?post=12773"},{"taxonomy":"product_tag","embeddable":true,"href":"https:\/\/industrialbaymar.es\/en\/wp-json\/wp\/v2\/product_tag?post=12773"}],"curies":[{"name":"wp","href":"https:\/\/api.w.org\/{rel}","templated":true}]}}