{"id":12790,"date":"2023-04-03T10:00:48","date_gmt":"2023-04-03T10:00:48","guid":{"rendered":"https:\/\/www.industrialbaymar.es\/wordpress\/?post_type=product&#038;p=12790"},"modified":"2026-03-31T14:26:57","modified_gmt":"2026-03-31T14:26:57","slug":"insignias-fundicion-foto-con-resina-estandar","status":"publish","type":"product","link":"https:\/\/industrialbaymar.es\/en\/product\/insignias-fundicion-foto-con-resina-estandar\/","title":{"rendered":"Insignias fundici\u00f3n foto con resina estandar"},"content":{"rendered":"<p>IB-22720: Insignias fundici\u00f3n foto con resina est\u00e1ndar. Metal zamack. Son modelos con formas regulares. En el caso de siluetas o formas irregulares, tendr\u00e1n un incremento sobre el precio base.<\/p>\n<p>*Consultar tarifa suplementos y terminaciones para a\u00f1adir o deducir al precio base.<\/p>","protected":false},"excerpt":{"rendered":"<p>IB-22720: Insignias fundici\u00f3n foto con resina est\u00e1ndar. Metal zamack. Son modelos con formas regulares. En el caso de siluetas o formas irregulares, tendr\u00e1n un incremento sobre el precio base. *Consultar tarifa suplementos y terminaciones para a\u00f1adir o deducir al precio base.<\/p>","protected":false},"featured_media":12791,"comment_status":"open","ping_status":"closed","template":"","meta":[],"product_brand":[],"product_cat":[289],"product_tag":[],"class_list":{"0":"post-12790","1":"product","2":"type-product","3":"status-publish","4":"has-post-thumbnail","6":"product_cat-insignias-y-botones","7":"thunk-woo-product-list","8":"opn-qv-enable","9":"top-store-woo-hover-zoom","10":"top-store-single-product-tab-horizontal","11":"top-store-shadow-","12":"top-store-shadow-hover-","14":"first","15":"instock","16":"shipping-taxable","17":"product-type-simple"},"jetpack-related-posts":[],"jetpack_sharing_enabled":true,"_links":{"self":[{"href":"https:\/\/industrialbaymar.es\/en\/wp-json\/wp\/v2\/product\/12790","targetHints":{"allow":["GET"]}}],"collection":[{"href":"https:\/\/industrialbaymar.es\/en\/wp-json\/wp\/v2\/product"}],"about":[{"href":"https:\/\/industrialbaymar.es\/en\/wp-json\/wp\/v2\/types\/product"}],"replies":[{"embeddable":true,"href":"https:\/\/industrialbaymar.es\/en\/wp-json\/wp\/v2\/comments?post=12790"}],"wp:featuredmedia":[{"embeddable":true,"href":"https:\/\/industrialbaymar.es\/en\/wp-json\/wp\/v2\/media\/12791"}],"wp:attachment":[{"href":"https:\/\/industrialbaymar.es\/en\/wp-json\/wp\/v2\/media?parent=12790"}],"wp:term":[{"taxonomy":"product_brand","embeddable":true,"href":"https:\/\/industrialbaymar.es\/en\/wp-json\/wp\/v2\/product_brand?post=12790"},{"taxonomy":"product_cat","embeddable":true,"href":"https:\/\/industrialbaymar.es\/en\/wp-json\/wp\/v2\/product_cat?post=12790"},{"taxonomy":"product_tag","embeddable":true,"href":"https:\/\/industrialbaymar.es\/en\/wp-json\/wp\/v2\/product_tag?post=12790"}],"curies":[{"name":"wp","href":"https:\/\/api.w.org\/{rel}","templated":true}]}}