{"id":12802,"date":"2023-04-03T10:06:33","date_gmt":"2023-04-03T10:06:33","guid":{"rendered":"https:\/\/www.industrialbaymar.es\/wordpress\/?post_type=product&#038;p=12802"},"modified":"2026-03-31T14:23:31","modified_gmt":"2026-03-31T14:23:31","slug":"cubrebotones","status":"publish","type":"product","link":"https:\/\/industrialbaymar.es\/en\/product\/cubrebotones\/","title":{"rendered":"Cubrebotones"},"content":{"rendered":"<p>IB-23200: Cubrebotones fundici\u00f3n fotograbados o alto relieve. Metal zamack. En el precio base no est\u00e1 incluido esmaltes. Todos los modelos tienen incluido ba\u00f1o de n\u00edquel.<\/p>\n<p>*Los modelos de alto relieve requieren buril o escultura salvo que exista modelo original<\/p>\n<p>*Consultar tarifa suplementos y terminaciones para a\u00f1adir o deducir al precio base.<\/p>","protected":false},"excerpt":{"rendered":"<p>IB-23200: Cubrebotones fundici\u00f3n fotograbados o alto relieve. Metal zamack. En el precio base no est\u00e1 incluido esmaltes. Todos los modelos tienen incluido ba\u00f1o de n\u00edquel. *Los modelos de alto relieve requieren buril o escultura salvo que exista modelo original *Consultar tarifa suplementos y terminaciones para a\u00f1adir o deducir al precio base.<\/p>","protected":false},"featured_media":12803,"comment_status":"open","ping_status":"closed","template":"","meta":[],"product_brand":[],"product_cat":[310,289],"product_tag":[],"class_list":{"0":"post-12802","1":"product","2":"type-product","3":"status-publish","4":"has-post-thumbnail","6":"product_cat-botones","7":"product_cat-insignias-y-botones","8":"thunk-woo-product-list","9":"opn-qv-enable","10":"top-store-woo-hover-zoom","11":"top-store-single-product-tab-horizontal","12":"top-store-shadow-","13":"top-store-shadow-hover-","15":"first","16":"instock","17":"shipping-taxable","18":"product-type-simple"},"jetpack-related-posts":[],"jetpack_sharing_enabled":true,"_links":{"self":[{"href":"https:\/\/industrialbaymar.es\/en\/wp-json\/wp\/v2\/product\/12802","targetHints":{"allow":["GET"]}}],"collection":[{"href":"https:\/\/industrialbaymar.es\/en\/wp-json\/wp\/v2\/product"}],"about":[{"href":"https:\/\/industrialbaymar.es\/en\/wp-json\/wp\/v2\/types\/product"}],"replies":[{"embeddable":true,"href":"https:\/\/industrialbaymar.es\/en\/wp-json\/wp\/v2\/comments?post=12802"}],"wp:featuredmedia":[{"embeddable":true,"href":"https:\/\/industrialbaymar.es\/en\/wp-json\/wp\/v2\/media\/12803"}],"wp:attachment":[{"href":"https:\/\/industrialbaymar.es\/en\/wp-json\/wp\/v2\/media?parent=12802"}],"wp:term":[{"taxonomy":"product_brand","embeddable":true,"href":"https:\/\/industrialbaymar.es\/en\/wp-json\/wp\/v2\/product_brand?post=12802"},{"taxonomy":"product_cat","embeddable":true,"href":"https:\/\/industrialbaymar.es\/en\/wp-json\/wp\/v2\/product_cat?post=12802"},{"taxonomy":"product_tag","embeddable":true,"href":"https:\/\/industrialbaymar.es\/en\/wp-json\/wp\/v2\/product_tag?post=12802"}],"curies":[{"name":"wp","href":"https:\/\/api.w.org\/{rel}","templated":true}]}}