{"id":12811,"date":"2023-04-03T14:50:41","date_gmt":"2023-04-03T14:50:41","guid":{"rendered":"https:\/\/www.industrialbaymar.es\/wordpress\/?post_type=product&#038;p=12811"},"modified":"2026-03-31T00:44:51","modified_gmt":"2026-03-31T00:44:51","slug":"gemelos-fundicion-alto-relieve-o-fotograbados","status":"publish","type":"product","link":"https:\/\/industrialbaymar.es\/en\/product\/gemelos-fundicion-alto-relieve-o-fotograbados\/","title":{"rendered":"Gemelos fundici\u00f3n alto relieve o fotograbados"},"content":{"rendered":"<p>IB-24000: Gemelos fundici\u00f3n alto relieve o fotograbados. Metal zamack. Se puede hacer el mod. que se desee. En el precio base no est\u00e1 incluido esmaltes. Todos los modelos tienen incluido ba\u00f1o de n\u00edquel.<\/p>\n<p>* Consult the rate for supplements and terminations to add or deduct from the base price.<\/p>\n<p>*En los modelos de alto relieve requieren buril o escultura en caso de no existir modelo original<\/p>","protected":false},"excerpt":{"rendered":"<p>IB-24000: Gemelos fundici\u00f3n alto relieve o fotograbados. Metal zamack. Se puede hacer el mod. que se desee. En el precio base no est\u00e1 incluido esmaltes. Todos los modelos tienen incluido ba\u00f1o de n\u00edquel. * Consultar en tarifa suplementos y terminaciones para a\u00f1adir o deducir al precio base. *En los modelos de alto relieve requieren buril &hellip;<\/p>\n<p class=\"read-more\"> <a class=\"thunk-readmore button\" href=\"https:\/\/industrialbaymar.es\/en\/product\/gemelos-fundicion-alto-relieve-o-fotograbados\/\"> <span class=\"screen-reader-text\">Gemelos fundici\u00f3n alto relieve o fotograbados<\/span>Read More<\/a><\/p>","protected":false},"featured_media":12812,"comment_status":"open","ping_status":"closed","template":"","meta":[],"product_brand":[],"product_cat":[254],"product_tag":[],"class_list":{"0":"post-12811","1":"product","2":"type-product","3":"status-publish","4":"has-post-thumbnail","6":"product_cat-gemelos","7":"thunk-woo-product-list","8":"opn-qv-enable","9":"top-store-woo-hover-zoom","10":"top-store-single-product-tab-horizontal","11":"top-store-shadow-","12":"top-store-shadow-hover-","14":"first","15":"instock","16":"shipping-taxable","17":"product-type-simple"},"jetpack-related-posts":[],"jetpack_sharing_enabled":true,"_links":{"self":[{"href":"https:\/\/industrialbaymar.es\/en\/wp-json\/wp\/v2\/product\/12811","targetHints":{"allow":["GET"]}}],"collection":[{"href":"https:\/\/industrialbaymar.es\/en\/wp-json\/wp\/v2\/product"}],"about":[{"href":"https:\/\/industrialbaymar.es\/en\/wp-json\/wp\/v2\/types\/product"}],"replies":[{"embeddable":true,"href":"https:\/\/industrialbaymar.es\/en\/wp-json\/wp\/v2\/comments?post=12811"}],"wp:featuredmedia":[{"embeddable":true,"href":"https:\/\/industrialbaymar.es\/en\/wp-json\/wp\/v2\/media\/12812"}],"wp:attachment":[{"href":"https:\/\/industrialbaymar.es\/en\/wp-json\/wp\/v2\/media?parent=12811"}],"wp:term":[{"taxonomy":"product_brand","embeddable":true,"href":"https:\/\/industrialbaymar.es\/en\/wp-json\/wp\/v2\/product_brand?post=12811"},{"taxonomy":"product_cat","embeddable":true,"href":"https:\/\/industrialbaymar.es\/en\/wp-json\/wp\/v2\/product_cat?post=12811"},{"taxonomy":"product_tag","embeddable":true,"href":"https:\/\/industrialbaymar.es\/en\/wp-json\/wp\/v2\/product_tag?post=12811"}],"curies":[{"name":"wp","href":"https:\/\/api.w.org\/{rel}","templated":true}]}}