{"id":12819,"date":"2023-04-03T14:55:41","date_gmt":"2023-04-03T14:55:41","guid":{"rendered":"https:\/\/www.industrialbaymar.es\/wordpress\/?post_type=product&#038;p=12819"},"modified":"2026-03-31T14:25:12","modified_gmt":"2026-03-31T14:25:12","slug":"gemelos-fundicion-alto-relieve-o-fotograbados-2","status":"publish","type":"product","link":"https:\/\/industrialbaymar.es\/en\/product\/gemelos-fundicion-alto-relieve-o-fotograbados-2\/","title":{"rendered":"Gemelos fundici\u00f3n alto relieve o fotograbados"},"content":{"rendered":"<p>IB-24200: Gemelos fundici\u00f3n alto relieve o fotograbados. Metal plata de ley. Se puede hacer el mod. que se desee. El precio de este tipo de modelos se deber\u00e1 consultar previamente debido a la constante variaci\u00f3n en el precio de la plata.<\/p>\n<p>*La terminaci\u00f3n de las piezas en plata de ley es de alta calidad con superficies especialmente pulidas y muy bien terminadas. Calidad joyer\u00eda.<\/p>\n<p>* Consult the rate for supplements and terminations to add or deduct from the base price.<\/p>\n<p>*En los modelos de alto relieve requieren buril o escultura en caso de no existir modelo original<\/p>","protected":false},"excerpt":{"rendered":"<p>IB-24200: Gemelos fundici\u00f3n alto relieve o fotograbados. Metal plata de ley. Se puede hacer el mod. que se desee. El precio de este tipo de modelos se deber\u00e1 consultar previamente debido a la constante variaci\u00f3n en el precio de la plata. *La terminaci\u00f3n de las piezas en plata de ley es de alta calidad con &hellip;<\/p>\n<p class=\"read-more\"> <a class=\"thunk-readmore button\" href=\"https:\/\/industrialbaymar.es\/en\/product\/gemelos-fundicion-alto-relieve-o-fotograbados-2\/\"> <span class=\"screen-reader-text\">Gemelos fundici\u00f3n alto relieve o fotograbados<\/span>Read More<\/a><\/p>","protected":false},"featured_media":12821,"comment_status":"open","ping_status":"closed","template":"","meta":[],"product_brand":[],"product_cat":[254],"product_tag":[],"class_list":{"0":"post-12819","1":"product","2":"type-product","3":"status-publish","4":"has-post-thumbnail","6":"product_cat-gemelos","7":"thunk-woo-product-list","8":"opn-qv-enable","9":"top-store-woo-hover-zoom","10":"top-store-single-product-tab-horizontal","11":"top-store-shadow-","12":"top-store-shadow-hover-","14":"first","15":"instock","16":"shipping-taxable","17":"product-type-simple"},"jetpack-related-posts":[],"jetpack_sharing_enabled":true,"_links":{"self":[{"href":"https:\/\/industrialbaymar.es\/en\/wp-json\/wp\/v2\/product\/12819","targetHints":{"allow":["GET"]}}],"collection":[{"href":"https:\/\/industrialbaymar.es\/en\/wp-json\/wp\/v2\/product"}],"about":[{"href":"https:\/\/industrialbaymar.es\/en\/wp-json\/wp\/v2\/types\/product"}],"replies":[{"embeddable":true,"href":"https:\/\/industrialbaymar.es\/en\/wp-json\/wp\/v2\/comments?post=12819"}],"wp:featuredmedia":[{"embeddable":true,"href":"https:\/\/industrialbaymar.es\/en\/wp-json\/wp\/v2\/media\/12821"}],"wp:attachment":[{"href":"https:\/\/industrialbaymar.es\/en\/wp-json\/wp\/v2\/media?parent=12819"}],"wp:term":[{"taxonomy":"product_brand","embeddable":true,"href":"https:\/\/industrialbaymar.es\/en\/wp-json\/wp\/v2\/product_brand?post=12819"},{"taxonomy":"product_cat","embeddable":true,"href":"https:\/\/industrialbaymar.es\/en\/wp-json\/wp\/v2\/product_cat?post=12819"},{"taxonomy":"product_tag","embeddable":true,"href":"https:\/\/industrialbaymar.es\/en\/wp-json\/wp\/v2\/product_tag?post=12819"}],"curies":[{"name":"wp","href":"https:\/\/api.w.org\/{rel}","templated":true}]}}