{"id":12857,"date":"2023-04-03T15:07:39","date_gmt":"2023-04-03T15:07:39","guid":{"rendered":"https:\/\/www.industrialbaymar.es\/wordpress\/?post_type=product&#038;p=12857"},"modified":"2026-05-12T21:05:16","modified_gmt":"2026-05-12T21:05:16","slug":"pisacorbatas-fundicion-fotograbado-y-alto-relieve","status":"publish","type":"product","link":"https:\/\/industrialbaymar.es\/en\/product\/pisacorbatas-fundicion-fotograbado-y-alto-relieve\/","title":{"rendered":"Pisacorbatas fundici\u00f3n fotograbado y alto relieve"},"content":{"rendered":"<p>IB-24500: Pisacorbatas fundici\u00f3n fotograbado y alto relieve. Metal zamack. Se puede realizar el dise\u00f1o que se desee. No incluido esmaltes.<\/p>\n<p>*Las piezas de alto relieve requieren buril o escultura en caso no existir modelo original.<\/p>\n<p>*Consultar en tarifa suplementos y terminaciones para a\u00f1adir o deducir del precio base<\/p>","protected":false},"excerpt":{"rendered":"<p>IB-24500: Pisacorbatas fundici\u00f3n fotograbado y alto relieve. Metal zamack. Se puede realizar el dise\u00f1o que se desee. No incluido esmaltes. *Las piezas de alto relieve requieren buril o escultura en caso no existir modelo original. *Consultar en tarifa suplementos y terminaciones para a\u00f1adir o deducir del precio base<\/p>","protected":false},"featured_media":12858,"comment_status":"open","ping_status":"closed","template":"","meta":[],"product_brand":[],"product_cat":[349],"product_tag":[],"class_list":{"0":"post-12857","1":"product","2":"type-product","3":"status-publish","4":"has-post-thumbnail","6":"product_cat-pisacorbatas-2","7":"thunk-woo-product-list","8":"opn-qv-enable","9":"top-store-woo-hover-zoom","10":"top-store-single-product-tab-horizontal","11":"top-store-shadow-","12":"top-store-shadow-hover-","14":"first","15":"instock","16":"shipping-taxable","17":"product-type-simple"},"jetpack-related-posts":[],"jetpack_sharing_enabled":true,"_links":{"self":[{"href":"https:\/\/industrialbaymar.es\/en\/wp-json\/wp\/v2\/product\/12857","targetHints":{"allow":["GET"]}}],"collection":[{"href":"https:\/\/industrialbaymar.es\/en\/wp-json\/wp\/v2\/product"}],"about":[{"href":"https:\/\/industrialbaymar.es\/en\/wp-json\/wp\/v2\/types\/product"}],"replies":[{"embeddable":true,"href":"https:\/\/industrialbaymar.es\/en\/wp-json\/wp\/v2\/comments?post=12857"}],"wp:featuredmedia":[{"embeddable":true,"href":"https:\/\/industrialbaymar.es\/en\/wp-json\/wp\/v2\/media\/12858"}],"wp:attachment":[{"href":"https:\/\/industrialbaymar.es\/en\/wp-json\/wp\/v2\/media?parent=12857"}],"wp:term":[{"taxonomy":"product_brand","embeddable":true,"href":"https:\/\/industrialbaymar.es\/en\/wp-json\/wp\/v2\/product_brand?post=12857"},{"taxonomy":"product_cat","embeddable":true,"href":"https:\/\/industrialbaymar.es\/en\/wp-json\/wp\/v2\/product_cat?post=12857"},{"taxonomy":"product_tag","embeddable":true,"href":"https:\/\/industrialbaymar.es\/en\/wp-json\/wp\/v2\/product_tag?post=12857"}],"curies":[{"name":"wp","href":"https:\/\/api.w.org\/{rel}","templated":true}]}}