{"id":12872,"date":"2023-04-03T15:12:08","date_gmt":"2023-04-03T15:12:08","guid":{"rendered":"https:\/\/www.industrialbaymar.es\/wordpress\/?post_type=product&#038;p=12872"},"modified":"2026-03-31T14:36:18","modified_gmt":"2026-03-31T14:36:18","slug":"pisacorbatas-fotograbado-o-alto-relieve-2","status":"publish","type":"product","link":"https:\/\/industrialbaymar.es\/en\/product\/pisacorbatas-fotograbado-o-alto-relieve-2\/","title":{"rendered":"Pisacorbatas fotograbado o alto relieve"},"content":{"rendered":"<p>IB-24620: Pisacorbatas fotograbado o alto relieve en plata de ley con calidad de joyer\u00eda. Se caracterizan, especialmente por una terminaci\u00f3n muy fina con superficie pulida. Se puede realizar el dise\u00f1o que se desee. Consultar precio.<\/p>\n<p>*Requieren buril o escultura en caso no existir modelo original.<\/p>\n<p>*Consultar en tarifa suplementos y terminaciones para a\u00f1adir o deducir del precio base<\/p>","protected":false},"excerpt":{"rendered":"<p>IB-24620: Pisacorbatas fotograbado o alto relieve en plata de ley con calidad de joyer\u00eda. Se caracterizan, especialmente por una terminaci\u00f3n muy fina con superficie pulida. Se puede realizar el dise\u00f1o que se desee. Consultar precio. *Requieren buril o escultura en caso no existir modelo original. *Consultar en tarifa suplementos y terminaciones para a\u00f1adir o deducir &hellip;<\/p>\n<p class=\"read-more\"> <a class=\"thunk-readmore button\" href=\"https:\/\/industrialbaymar.es\/en\/product\/pisacorbatas-fotograbado-o-alto-relieve-2\/\"> <span class=\"screen-reader-text\">Pisacorbatas fotograbado o alto relieve<\/span>Read More<\/a><\/p>","protected":false},"featured_media":12873,"comment_status":"open","ping_status":"closed","template":"","meta":[],"product_brand":[],"product_cat":[349],"product_tag":[],"class_list":{"0":"post-12872","1":"product","2":"type-product","3":"status-publish","4":"has-post-thumbnail","6":"product_cat-pisacorbatas-2","7":"thunk-woo-product-list","8":"opn-qv-enable","9":"top-store-woo-hover-zoom","10":"top-store-single-product-tab-horizontal","11":"top-store-shadow-","12":"top-store-shadow-hover-","14":"first","15":"instock","16":"shipping-taxable","17":"product-type-simple"},"jetpack-related-posts":[],"jetpack_sharing_enabled":true,"_links":{"self":[{"href":"https:\/\/industrialbaymar.es\/en\/wp-json\/wp\/v2\/product\/12872","targetHints":{"allow":["GET"]}}],"collection":[{"href":"https:\/\/industrialbaymar.es\/en\/wp-json\/wp\/v2\/product"}],"about":[{"href":"https:\/\/industrialbaymar.es\/en\/wp-json\/wp\/v2\/types\/product"}],"replies":[{"embeddable":true,"href":"https:\/\/industrialbaymar.es\/en\/wp-json\/wp\/v2\/comments?post=12872"}],"wp:featuredmedia":[{"embeddable":true,"href":"https:\/\/industrialbaymar.es\/en\/wp-json\/wp\/v2\/media\/12873"}],"wp:attachment":[{"href":"https:\/\/industrialbaymar.es\/en\/wp-json\/wp\/v2\/media?parent=12872"}],"wp:term":[{"taxonomy":"product_brand","embeddable":true,"href":"https:\/\/industrialbaymar.es\/en\/wp-json\/wp\/v2\/product_brand?post=12872"},{"taxonomy":"product_cat","embeddable":true,"href":"https:\/\/industrialbaymar.es\/en\/wp-json\/wp\/v2\/product_cat?post=12872"},{"taxonomy":"product_tag","embeddable":true,"href":"https:\/\/industrialbaymar.es\/en\/wp-json\/wp\/v2\/product_tag?post=12872"}],"curies":[{"name":"wp","href":"https:\/\/api.w.org\/{rel}","templated":true}]}}