{"id":12875,"date":"2023-04-03T15:36:35","date_gmt":"2023-04-03T15:36:35","guid":{"rendered":"https:\/\/www.industrialbaymar.es\/wordpress\/?post_type=product&#038;p=12875"},"modified":"2025-11-04T12:19:25","modified_gmt":"2025-11-04T12:19:25","slug":"alfileres-de-sra-fotograbado-o-alto-relieve","status":"publish","type":"product","link":"https:\/\/industrialbaymar.es\/en\/product\/alfileres-de-sra-fotograbado-o-alto-relieve\/","title":{"rendered":"Alfileres de Sra. fotograbado o alto relieve"},"content":{"rendered":"<p>IB-24700(1,2,3,4,5,6): Alfileres de Sra. fotograbado o alto relieve. Metal zamack.<\/p>\n<p>*Se puede realizar el dise\u00f1o que se desee<\/p>\n<p>*No incluidos esmaltes ni cristales. El ba\u00f1o de n\u00edquel est\u00e1 incluido en el precio base<\/p>\n<p>*Las piezas de alto relieve requieren buril o escultura en caso de no existir modelo original.<\/p>\n<p>*Consultar en tarifa suplementos y terminaciones para a\u00f1adir o deducir al precio base.<\/p>","protected":false},"excerpt":{"rendered":"<p>IB-24700(1,2,3,4,5,6): Alfileres de Sra. fotograbado o alto relieve. Metal zamack. *Se puede realizar el dise\u00f1o que se desee *No incluidos esmaltes ni cristales. El ba\u00f1o de n\u00edquel est\u00e1 incluido en el precio base *Las piezas de alto relieve requieren buril o escultura en caso de no existir modelo original. *Consultar en tarifa suplementos y terminaciones &hellip;<\/p>\n<p class=\"read-more\"> <a class=\"thunk-readmore button\" href=\"https:\/\/industrialbaymar.es\/en\/product\/alfileres-de-sra-fotograbado-o-alto-relieve\/\"> <span class=\"screen-reader-text\">Alfileres de Sra. fotograbado o alto relieve<\/span>Read More<\/a><\/p>","protected":false},"featured_media":13325,"comment_status":"open","ping_status":"closed","template":"","meta":[],"product_brand":[],"product_cat":[262],"product_tag":[],"class_list":{"0":"post-12875","1":"product","2":"type-product","3":"status-publish","4":"has-post-thumbnail","6":"product_cat-alfileres","7":"thunk-woo-product-list","8":"opn-qv-enable","9":"top-store-woo-hover-zoom","10":"top-store-single-product-tab-horizontal","11":"top-store-shadow-","12":"top-store-shadow-hover-","14":"first","15":"instock","16":"shipping-taxable","17":"product-type-simple"},"jetpack-related-posts":[],"jetpack_sharing_enabled":true,"_links":{"self":[{"href":"https:\/\/industrialbaymar.es\/en\/wp-json\/wp\/v2\/product\/12875","targetHints":{"allow":["GET"]}}],"collection":[{"href":"https:\/\/industrialbaymar.es\/en\/wp-json\/wp\/v2\/product"}],"about":[{"href":"https:\/\/industrialbaymar.es\/en\/wp-json\/wp\/v2\/types\/product"}],"replies":[{"embeddable":true,"href":"https:\/\/industrialbaymar.es\/en\/wp-json\/wp\/v2\/comments?post=12875"}],"wp:featuredmedia":[{"embeddable":true,"href":"https:\/\/industrialbaymar.es\/en\/wp-json\/wp\/v2\/media\/13325"}],"wp:attachment":[{"href":"https:\/\/industrialbaymar.es\/en\/wp-json\/wp\/v2\/media?parent=12875"}],"wp:term":[{"taxonomy":"product_brand","embeddable":true,"href":"https:\/\/industrialbaymar.es\/en\/wp-json\/wp\/v2\/product_brand?post=12875"},{"taxonomy":"product_cat","embeddable":true,"href":"https:\/\/industrialbaymar.es\/en\/wp-json\/wp\/v2\/product_cat?post=12875"},{"taxonomy":"product_tag","embeddable":true,"href":"https:\/\/industrialbaymar.es\/en\/wp-json\/wp\/v2\/product_tag?post=12875"}],"curies":[{"name":"wp","href":"https:\/\/api.w.org\/{rel}","templated":true}]}}