{"id":12882,"date":"2023-04-03T15:36:50","date_gmt":"2023-04-03T15:36:50","guid":{"rendered":"https:\/\/www.industrialbaymar.es\/wordpress\/?post_type=product&#038;p=12882"},"modified":"2026-03-31T00:43:18","modified_gmt":"2026-03-31T00:43:18","slug":"alfileres-de-sra-con-tapon-de-rosca-alto-relieve","status":"publish","type":"product","link":"https:\/\/industrialbaymar.es\/en\/product\/alfileres-de-sra-con-tapon-de-rosca-alto-relieve\/","title":{"rendered":"Alfileres de Sra. con tap\u00f3n de rosca alto relieve"},"content":{"rendered":"<p>IB-24700(1,2,3,4,5,6): Alfileres de Sra. con tap\u00f3n de rosca fotograbado o alto relieve. Metal zamack.<\/p>\n<p>*Se puede realizar el dise\u00f1o que se desee<\/p>\n<p>*No incluidos esmaltes ni cristales. El ba\u00f1o de n\u00edquel est\u00e1 incluido en el precio base<\/p>\n<p>*Las piezas de alto relieve requieren buril o escultura en caso de no existir modelo original.<\/p>\n<p>*Consultar en tarifa suplementos y terminaciones para a\u00f1adir o deducir al precio base.<\/p>","protected":false},"excerpt":{"rendered":"<p>IB-24700(1,2,3,4,5,6): Alfileres de Sra. con tap\u00f3n de rosca fotograbado o alto relieve. Metal zamack. *Se puede realizar el dise\u00f1o que se desee *No incluidos esmaltes ni cristales. El ba\u00f1o de n\u00edquel est\u00e1 incluido en el precio base *Las piezas de alto relieve requieren buril o escultura en caso de no existir modelo original. *Consultar en &hellip;<\/p>\n<p class=\"read-more\"> <a class=\"thunk-readmore button\" href=\"https:\/\/industrialbaymar.es\/en\/product\/alfileres-de-sra-con-tapon-de-rosca-alto-relieve\/\"> <span class=\"screen-reader-text\">Alfileres de Sra. con tap\u00f3n de rosca alto relieve<\/span>Read More<\/a><\/p>","protected":false},"featured_media":12887,"comment_status":"open","ping_status":"closed","template":"","meta":[],"product_brand":[],"product_cat":[262],"product_tag":[386],"class_list":{"0":"post-12882","1":"product","2":"type-product","3":"status-publish","4":"has-post-thumbnail","6":"product_cat-alfileres","7":"product_tag-alto-relieve","8":"thunk-woo-product-list","9":"opn-qv-enable","10":"top-store-woo-hover-zoom","11":"top-store-single-product-tab-horizontal","12":"top-store-shadow-","13":"top-store-shadow-hover-","15":"first","16":"instock","17":"shipping-taxable","18":"product-type-simple"},"jetpack-related-posts":[],"jetpack_sharing_enabled":true,"_links":{"self":[{"href":"https:\/\/industrialbaymar.es\/en\/wp-json\/wp\/v2\/product\/12882","targetHints":{"allow":["GET"]}}],"collection":[{"href":"https:\/\/industrialbaymar.es\/en\/wp-json\/wp\/v2\/product"}],"about":[{"href":"https:\/\/industrialbaymar.es\/en\/wp-json\/wp\/v2\/types\/product"}],"replies":[{"embeddable":true,"href":"https:\/\/industrialbaymar.es\/en\/wp-json\/wp\/v2\/comments?post=12882"}],"wp:featuredmedia":[{"embeddable":true,"href":"https:\/\/industrialbaymar.es\/en\/wp-json\/wp\/v2\/media\/12887"}],"wp:attachment":[{"href":"https:\/\/industrialbaymar.es\/en\/wp-json\/wp\/v2\/media?parent=12882"}],"wp:term":[{"taxonomy":"product_brand","embeddable":true,"href":"https:\/\/industrialbaymar.es\/en\/wp-json\/wp\/v2\/product_brand?post=12882"},{"taxonomy":"product_cat","embeddable":true,"href":"https:\/\/industrialbaymar.es\/en\/wp-json\/wp\/v2\/product_cat?post=12882"},{"taxonomy":"product_tag","embeddable":true,"href":"https:\/\/industrialbaymar.es\/en\/wp-json\/wp\/v2\/product_tag?post=12882"}],"curies":[{"name":"wp","href":"https:\/\/api.w.org\/{rel}","templated":true}]}}