{"id":12919,"date":"2023-04-03T16:09:56","date_gmt":"2023-04-03T16:09:56","guid":{"rendered":"https:\/\/www.industrialbaymar.es\/wordpress\/?post_type=product&#038;p=12919"},"modified":"2026-03-31T14:35:18","modified_gmt":"2026-03-31T14:35:18","slug":"pendientes-en-plata-de-ley-o-laton","status":"publish","type":"product","link":"https:\/\/industrialbaymar.es\/en\/product\/pendientes-en-plata-de-ley-o-laton\/","title":{"rendered":"Pendientes en plata de ley o lat\u00f3n"},"content":{"rendered":"<p>IB-27000-27010: Pendientes en plata de ley o lat\u00f3n. Posibilidad de personalizar cada modelo. En caso de realizaci\u00f3n de nuevo dise\u00f1o requiere buril.<\/p>\n<p>*Consultar tarifas para m\u00e1s detalle<\/p>","protected":false},"excerpt":{"rendered":"<p>IB-27000-27010: Pendientes en plata de ley o lat\u00f3n. Posibilidad de personalizar cada modelo. En caso de realizaci\u00f3n de nuevo dise\u00f1o requiere buril. *Consultar tarifas para m\u00e1s detalle<\/p>","protected":false},"featured_media":12920,"comment_status":"open","ping_status":"closed","template":"","meta":[],"product_brand":[],"product_cat":[359],"product_tag":[],"class_list":{"0":"post-12919","1":"product","2":"type-product","3":"status-publish","4":"has-post-thumbnail","6":"product_cat-pendientes","7":"thunk-woo-product-list","8":"opn-qv-enable","9":"top-store-woo-hover-zoom","10":"top-store-single-product-tab-horizontal","11":"top-store-shadow-","12":"top-store-shadow-hover-","14":"first","15":"instock","16":"shipping-taxable","17":"product-type-simple"},"jetpack-related-posts":[],"jetpack_sharing_enabled":true,"_links":{"self":[{"href":"https:\/\/industrialbaymar.es\/en\/wp-json\/wp\/v2\/product\/12919","targetHints":{"allow":["GET"]}}],"collection":[{"href":"https:\/\/industrialbaymar.es\/en\/wp-json\/wp\/v2\/product"}],"about":[{"href":"https:\/\/industrialbaymar.es\/en\/wp-json\/wp\/v2\/types\/product"}],"replies":[{"embeddable":true,"href":"https:\/\/industrialbaymar.es\/en\/wp-json\/wp\/v2\/comments?post=12919"}],"wp:featuredmedia":[{"embeddable":true,"href":"https:\/\/industrialbaymar.es\/en\/wp-json\/wp\/v2\/media\/12920"}],"wp:attachment":[{"href":"https:\/\/industrialbaymar.es\/en\/wp-json\/wp\/v2\/media?parent=12919"}],"wp:term":[{"taxonomy":"product_brand","embeddable":true,"href":"https:\/\/industrialbaymar.es\/en\/wp-json\/wp\/v2\/product_brand?post=12919"},{"taxonomy":"product_cat","embeddable":true,"href":"https:\/\/industrialbaymar.es\/en\/wp-json\/wp\/v2\/product_cat?post=12919"},{"taxonomy":"product_tag","embeddable":true,"href":"https:\/\/industrialbaymar.es\/en\/wp-json\/wp\/v2\/product_tag?post=12919"}],"curies":[{"name":"wp","href":"https:\/\/api.w.org\/{rel}","templated":true}]}}