{"id":12939,"date":"2023-04-03T16:20:19","date_gmt":"2023-04-03T16:20:19","guid":{"rendered":"https:\/\/www.industrialbaymar.es\/wordpress\/?post_type=product&#038;p=12939"},"modified":"2025-11-04T12:28:00","modified_gmt":"2025-11-04T12:28:00","slug":"rosarios-de-madera-2","status":"publish","type":"product","link":"https:\/\/industrialbaymar.es\/en\/product\/rosarios-de-madera-2\/","title":{"rendered":"Rosarios de madera"},"content":{"rendered":"<p>IB-28200: Rosarios de madera de 60 cuentas color marr\u00f3n con medallita est\u00e1ndar con foto resina ambas caras.<\/p>\n<p>*En caso de personalizaci\u00f3n de cada modelo rogamos que consulten la tarifa.<\/p>","protected":false},"excerpt":{"rendered":"<p>IB-28200: Rosarios de madera de 60 cuentas color marr\u00f3n con medallita est\u00e1ndar con foto resina ambas caras. *En caso de personalizaci\u00f3n de cada modelo rogamos que consulten la tarifa.<\/p>","protected":false},"featured_media":12940,"comment_status":"open","ping_status":"closed","template":"","meta":[],"product_brand":[],"product_cat":[240],"product_tag":[],"class_list":{"0":"post-12939","1":"product","2":"type-product","3":"status-publish","4":"has-post-thumbnail","6":"product_cat-rosarios","7":"thunk-woo-product-list","8":"opn-qv-enable","9":"top-store-woo-hover-zoom","10":"top-store-single-product-tab-horizontal","11":"top-store-shadow-","12":"top-store-shadow-hover-","14":"first","15":"instock","16":"shipping-taxable","17":"product-type-simple"},"jetpack-related-posts":[],"jetpack_sharing_enabled":true,"_links":{"self":[{"href":"https:\/\/industrialbaymar.es\/en\/wp-json\/wp\/v2\/product\/12939","targetHints":{"allow":["GET"]}}],"collection":[{"href":"https:\/\/industrialbaymar.es\/en\/wp-json\/wp\/v2\/product"}],"about":[{"href":"https:\/\/industrialbaymar.es\/en\/wp-json\/wp\/v2\/types\/product"}],"replies":[{"embeddable":true,"href":"https:\/\/industrialbaymar.es\/en\/wp-json\/wp\/v2\/comments?post=12939"}],"wp:featuredmedia":[{"embeddable":true,"href":"https:\/\/industrialbaymar.es\/en\/wp-json\/wp\/v2\/media\/12940"}],"wp:attachment":[{"href":"https:\/\/industrialbaymar.es\/en\/wp-json\/wp\/v2\/media?parent=12939"}],"wp:term":[{"taxonomy":"product_brand","embeddable":true,"href":"https:\/\/industrialbaymar.es\/en\/wp-json\/wp\/v2\/product_brand?post=12939"},{"taxonomy":"product_cat","embeddable":true,"href":"https:\/\/industrialbaymar.es\/en\/wp-json\/wp\/v2\/product_cat?post=12939"},{"taxonomy":"product_tag","embeddable":true,"href":"https:\/\/industrialbaymar.es\/en\/wp-json\/wp\/v2\/product_tag?post=12939"}],"curies":[{"name":"wp","href":"https:\/\/api.w.org\/{rel}","templated":true}]}}