{"id":12947,"date":"2023-04-04T09:04:55","date_gmt":"2023-04-04T09:04:55","guid":{"rendered":"https:\/\/industrialbaymar.es\/?post_type=product&#038;p=12947"},"modified":"2025-10-11T17:09:02","modified_gmt":"2025-10-11T17:09:02","slug":"pulsera-elastica-de-madera-con-foto-resina","status":"publish","type":"product","link":"https:\/\/industrialbaymar.es\/en\/product\/pulsera-elastica-de-madera-con-foto-resina\/","title":{"rendered":"Pulsera el\u00e1stica de madera con foto resina"},"content":{"rendered":"<p>IB-28600-1: Pulsera el\u00e1stica de madera con foto resina de diferentes santos y v\u00edrgenes. Posibilidad de personalizar 2 im\u00e1genes.<\/p>\n<p>* En caso de personalizaci\u00f3n de cada modelo rogamos consulten tarifa.<\/p>","protected":false},"excerpt":{"rendered":"<p>IB-28600-1: Pulsera el\u00e1stica de madera con foto resina de diferentes santos y v\u00edrgenes. Posibilidad de personalizar 2 im\u00e1genes. * En caso de personalizaci\u00f3n de cada modelo rogamos consulten tarifa.<\/p>","protected":false},"featured_media":12948,"comment_status":"open","ping_status":"closed","template":"","meta":[],"product_brand":[],"product_cat":[333,240],"product_tag":[],"class_list":{"0":"post-12947","1":"product","2":"type-product","3":"status-publish","4":"has-post-thumbnail","6":"product_cat-pulseras-rosarios-2","7":"product_cat-rosarios","8":"thunk-woo-product-list","9":"opn-qv-enable","10":"top-store-woo-hover-zoom","11":"top-store-single-product-tab-horizontal","12":"top-store-shadow-","13":"top-store-shadow-hover-","15":"first","16":"instock","17":"shipping-taxable","18":"product-type-simple"},"jetpack-related-posts":[],"jetpack_sharing_enabled":true,"_links":{"self":[{"href":"https:\/\/industrialbaymar.es\/en\/wp-json\/wp\/v2\/product\/12947","targetHints":{"allow":["GET"]}}],"collection":[{"href":"https:\/\/industrialbaymar.es\/en\/wp-json\/wp\/v2\/product"}],"about":[{"href":"https:\/\/industrialbaymar.es\/en\/wp-json\/wp\/v2\/types\/product"}],"replies":[{"embeddable":true,"href":"https:\/\/industrialbaymar.es\/en\/wp-json\/wp\/v2\/comments?post=12947"}],"wp:featuredmedia":[{"embeddable":true,"href":"https:\/\/industrialbaymar.es\/en\/wp-json\/wp\/v2\/media\/12948"}],"wp:attachment":[{"href":"https:\/\/industrialbaymar.es\/en\/wp-json\/wp\/v2\/media?parent=12947"}],"wp:term":[{"taxonomy":"product_brand","embeddable":true,"href":"https:\/\/industrialbaymar.es\/en\/wp-json\/wp\/v2\/product_brand?post=12947"},{"taxonomy":"product_cat","embeddable":true,"href":"https:\/\/industrialbaymar.es\/en\/wp-json\/wp\/v2\/product_cat?post=12947"},{"taxonomy":"product_tag","embeddable":true,"href":"https:\/\/industrialbaymar.es\/en\/wp-json\/wp\/v2\/product_tag?post=12947"}],"curies":[{"name":"wp","href":"https:\/\/api.w.org\/{rel}","templated":true}]}}