{"id":12957,"date":"2023-04-04T09:10:22","date_gmt":"2023-04-04T09:10:22","guid":{"rendered":"https:\/\/industrialbaymar.es\/?post_type=product&#038;p=12957"},"modified":"2026-03-31T14:37:51","modified_gmt":"2026-03-31T14:37:51","slug":"pulsera-elastica-con-cuentas-de-madera","status":"publish","type":"product","link":"https:\/\/industrialbaymar.es\/en\/product\/pulsera-elastica-con-cuentas-de-madera\/","title":{"rendered":"Pulsera el\u00e1stica con cuentas de madera"},"content":{"rendered":"<p>IB-28607-8: Pulsera el\u00e1stica con cuentas de madera en color marr\u00f3n o negro con foto resina de diferentes santos y v\u00edrgenes.<\/p>\n<p>* En caso de personalizaci\u00f3n de cada modelo rogamos consulten tarifa.<\/p>","protected":false},"excerpt":{"rendered":"<p>IB-28607-8: Pulsera el\u00e1stica con cuentas de madera en color marr\u00f3n o negro con foto resina de diferentes santos y v\u00edrgenes. * En caso de personalizaci\u00f3n de cada modelo rogamos consulten tarifa.<\/p>","protected":false},"featured_media":12958,"comment_status":"open","ping_status":"closed","template":"","meta":[],"product_brand":[],"product_cat":[333,240],"product_tag":[],"class_list":{"0":"post-12957","1":"product","2":"type-product","3":"status-publish","4":"has-post-thumbnail","6":"product_cat-pulseras-rosarios-2","7":"product_cat-rosarios","8":"thunk-woo-product-list","9":"opn-qv-enable","10":"top-store-woo-hover-zoom","11":"top-store-single-product-tab-horizontal","12":"top-store-shadow-","13":"top-store-shadow-hover-","15":"first","16":"instock","17":"shipping-taxable","18":"product-type-simple"},"jetpack-related-posts":[],"jetpack_sharing_enabled":true,"_links":{"self":[{"href":"https:\/\/industrialbaymar.es\/en\/wp-json\/wp\/v2\/product\/12957","targetHints":{"allow":["GET"]}}],"collection":[{"href":"https:\/\/industrialbaymar.es\/en\/wp-json\/wp\/v2\/product"}],"about":[{"href":"https:\/\/industrialbaymar.es\/en\/wp-json\/wp\/v2\/types\/product"}],"replies":[{"embeddable":true,"href":"https:\/\/industrialbaymar.es\/en\/wp-json\/wp\/v2\/comments?post=12957"}],"wp:featuredmedia":[{"embeddable":true,"href":"https:\/\/industrialbaymar.es\/en\/wp-json\/wp\/v2\/media\/12958"}],"wp:attachment":[{"href":"https:\/\/industrialbaymar.es\/en\/wp-json\/wp\/v2\/media?parent=12957"}],"wp:term":[{"taxonomy":"product_brand","embeddable":true,"href":"https:\/\/industrialbaymar.es\/en\/wp-json\/wp\/v2\/product_brand?post=12957"},{"taxonomy":"product_cat","embeddable":true,"href":"https:\/\/industrialbaymar.es\/en\/wp-json\/wp\/v2\/product_cat?post=12957"},{"taxonomy":"product_tag","embeddable":true,"href":"https:\/\/industrialbaymar.es\/en\/wp-json\/wp\/v2\/product_tag?post=12957"}],"curies":[{"name":"wp","href":"https:\/\/api.w.org\/{rel}","templated":true}]}}