{"id":12971,"date":"2023-04-04T09:25:41","date_gmt":"2023-04-04T09:25:41","guid":{"rendered":"https:\/\/industrialbaymar.es\/?post_type=product&#038;p=12971"},"modified":"2025-10-23T05:32:25","modified_gmt":"2025-10-23T05:32:25","slug":"posarretratos-mod-estandar-3","status":"publish","type":"product","link":"https:\/\/industrialbaymar.es\/en\/product\/posarretratos-mod-estandar-3\/","title":{"rendered":"Posarretratos mod. est\u00e1ndar."},"content":{"rendered":"<p>IB 29102\/5\/6: Posarretratos mod. est\u00e1ndar. Con foto y resina.<\/p>\n<p>*Todos los modelos tienen incluido ba\u00f1o de n\u00edquel.<br \/>\n* Las piezas de Alto relieve requieren Buril o escultura en caso de no existir modelo original.<br \/>\n* Consult the rate for supplements and terminations to add or deduct from the base price.<br \/>\n* En los modelos est\u00e1ndar no est\u00e1 incluido el texto en el reverso.<\/p>","protected":false},"excerpt":{"rendered":"<p>IB 29102\/5\/6: Posarretratos mod. est\u00e1ndar. Con foto y resina. *Todos los modelos tienen incluido ba\u00f1o de n\u00edquel. * Las piezas de Alto relieve requieren Buril o escultura en caso de no existir modelo original. * Consultar en tarifa suplementos y terminaciones para a\u00f1adir o deducir al precio base. * En los modelos est\u00e1ndar no est\u00e1 &hellip;<\/p>\n<p class=\"read-more\"> <a class=\"thunk-readmore button\" href=\"https:\/\/industrialbaymar.es\/en\/product\/posarretratos-mod-estandar-3\/\"> <span class=\"screen-reader-text\">Posarretratos mod. est\u00e1ndar.<\/span>Read More<\/a><\/p>","protected":false},"featured_media":12972,"comment_status":"open","ping_status":"closed","template":"","meta":[],"product_brand":[],"product_cat":[285],"product_tag":[],"class_list":{"0":"post-12971","1":"product","2":"type-product","3":"status-publish","4":"has-post-thumbnail","6":"product_cat-posaretratos","7":"thunk-woo-product-list","8":"opn-qv-enable","9":"top-store-woo-hover-zoom","10":"top-store-single-product-tab-horizontal","11":"top-store-shadow-","12":"top-store-shadow-hover-","14":"first","15":"instock","16":"shipping-taxable","17":"product-type-simple"},"jetpack-related-posts":[],"jetpack_sharing_enabled":true,"_links":{"self":[{"href":"https:\/\/industrialbaymar.es\/en\/wp-json\/wp\/v2\/product\/12971","targetHints":{"allow":["GET"]}}],"collection":[{"href":"https:\/\/industrialbaymar.es\/en\/wp-json\/wp\/v2\/product"}],"about":[{"href":"https:\/\/industrialbaymar.es\/en\/wp-json\/wp\/v2\/types\/product"}],"replies":[{"embeddable":true,"href":"https:\/\/industrialbaymar.es\/en\/wp-json\/wp\/v2\/comments?post=12971"}],"wp:featuredmedia":[{"embeddable":true,"href":"https:\/\/industrialbaymar.es\/en\/wp-json\/wp\/v2\/media\/12972"}],"wp:attachment":[{"href":"https:\/\/industrialbaymar.es\/en\/wp-json\/wp\/v2\/media?parent=12971"}],"wp:term":[{"taxonomy":"product_brand","embeddable":true,"href":"https:\/\/industrialbaymar.es\/en\/wp-json\/wp\/v2\/product_brand?post=12971"},{"taxonomy":"product_cat","embeddable":true,"href":"https:\/\/industrialbaymar.es\/en\/wp-json\/wp\/v2\/product_cat?post=12971"},{"taxonomy":"product_tag","embeddable":true,"href":"https:\/\/industrialbaymar.es\/en\/wp-json\/wp\/v2\/product_tag?post=12971"}],"curies":[{"name":"wp","href":"https:\/\/api.w.org\/{rel}","templated":true}]}}