{"id":12978,"date":"2023-04-04T09:35:36","date_gmt":"2023-04-04T09:35:36","guid":{"rendered":"https:\/\/industrialbaymar.es\/?post_type=product&#038;p=12978"},"modified":"2025-10-24T14:39:38","modified_gmt":"2025-10-24T14:39:38","slug":"placas-de-coche-alto-relieve","status":"publish","type":"product","link":"https:\/\/industrialbaymar.es\/en\/product\/placas-de-coche-alto-relieve\/","title":{"rendered":"Placas de coche alto relieve"},"content":{"rendered":"<p>IB 30001 a IB 30003: Placas de coche alto relieve con 1 esmalte fondo.<\/p>\n<p>* El ba\u00f1o de n\u00edquel est\u00e1 incluido en el precio base.<br \/>\n* Las piezas de alto relieve requieren buril o escultura en caso de no existir modelo original.<br \/>\n* Consult the rate for supplements and terminations to add or deduct from the base price.<\/p>","protected":false},"excerpt":{"rendered":"<p>IB 30001 a IB 30003: Placas de coche alto relieve con 1 esmalte fondo. * El ba\u00f1o de n\u00edquel est\u00e1 incluido en el precio base. * Las piezas de alto relieve requieren buril o escultura en caso de no existir modelo original. * Consultar en tarifa suplementos y terminaciones para a\u00f1adir o deducir al precio &hellip;<\/p>\n<p class=\"read-more\"> <a class=\"thunk-readmore button\" href=\"https:\/\/industrialbaymar.es\/en\/product\/placas-de-coche-alto-relieve\/\"> <span class=\"screen-reader-text\">Placas de coche alto relieve<\/span>Read More<\/a><\/p>","protected":false},"featured_media":12979,"comment_status":"open","ping_status":"closed","template":"","meta":[],"product_brand":[],"product_cat":[286],"product_tag":[],"class_list":{"0":"post-12978","1":"product","2":"type-product","3":"status-publish","4":"has-post-thumbnail","6":"product_cat-placas-coche","7":"thunk-woo-product-list","8":"opn-qv-enable","9":"top-store-woo-hover-zoom","10":"top-store-single-product-tab-horizontal","11":"top-store-shadow-","12":"top-store-shadow-hover-","14":"first","15":"instock","16":"shipping-taxable","17":"product-type-simple"},"jetpack-related-posts":[],"jetpack_sharing_enabled":true,"_links":{"self":[{"href":"https:\/\/industrialbaymar.es\/en\/wp-json\/wp\/v2\/product\/12978","targetHints":{"allow":["GET"]}}],"collection":[{"href":"https:\/\/industrialbaymar.es\/en\/wp-json\/wp\/v2\/product"}],"about":[{"href":"https:\/\/industrialbaymar.es\/en\/wp-json\/wp\/v2\/types\/product"}],"replies":[{"embeddable":true,"href":"https:\/\/industrialbaymar.es\/en\/wp-json\/wp\/v2\/comments?post=12978"}],"wp:featuredmedia":[{"embeddable":true,"href":"https:\/\/industrialbaymar.es\/en\/wp-json\/wp\/v2\/media\/12979"}],"wp:attachment":[{"href":"https:\/\/industrialbaymar.es\/en\/wp-json\/wp\/v2\/media?parent=12978"}],"wp:term":[{"taxonomy":"product_brand","embeddable":true,"href":"https:\/\/industrialbaymar.es\/en\/wp-json\/wp\/v2\/product_brand?post=12978"},{"taxonomy":"product_cat","embeddable":true,"href":"https:\/\/industrialbaymar.es\/en\/wp-json\/wp\/v2\/product_cat?post=12978"},{"taxonomy":"product_tag","embeddable":true,"href":"https:\/\/industrialbaymar.es\/en\/wp-json\/wp\/v2\/product_tag?post=12978"}],"curies":[{"name":"wp","href":"https:\/\/api.w.org\/{rel}","templated":true}]}}