{"id":13058,"date":"2023-04-05T09:17:20","date_gmt":"2023-04-05T09:17:20","guid":{"rendered":"https:\/\/industrialbaymar.es\/?post_type=product&#038;p=13058"},"modified":"2025-12-01T10:47:03","modified_gmt":"2025-12-01T10:47:03","slug":"medalla-alto-relieve-con-foto-resina","status":"publish","type":"product","link":"https:\/\/industrialbaymar.es\/en\/product\/medalla-alto-relieve-con-foto-resina\/","title":{"rendered":"Medalla alto relieve con foto resina"},"content":{"rendered":"<p>IB 31102 : Medalla Alto relieve con foto y resina 1 cara reverso sin texto. Medida aprox 8 cm. Incluido anilla.<br \/>\nIB 31105 : Medalla Mod. Alto relieve con foto y resina 1 cara reverso sin texto. Medida aprox 8 cm. Incluido anilla.<br \/>\nIB 31106 : Medalla Mod. Calado Alto relieve con foto y resina 1 cara reverso sin texto. Medida aprox 8 cm. Incluido anilla.<br \/>\nIB 31107 : Medalla Mod. \u00e1ngel Alto relieve con foto y resina 1 cara reverso sin texto. Medida aprox 6,5 cm. Incluido anilla.<br \/>\nIB 31108 : Medalla Mod. pila con foto y resina 1 cara reverso sin texto. Medida aprox 8 cm. Incluido anilla.<br \/>\n* El ba\u00f1o de n\u00edquel est\u00e1 incluido en el precio base.<br \/>\n* Las piezas de Alto relieve requieren Buril o escultura en caso de no existir modelo original.<br \/>\n* Consult the rate for supplements and terminations to add or deduct from the base price.<\/p>","protected":false},"excerpt":{"rendered":"<p>IB 31102 : Medalla Alto relieve con foto y resina 1 cara reverso sin texto. Medida aprox 8 cm. Incluido anilla. IB 31105 : Medalla Mod. Alto relieve con foto y resina 1 cara reverso sin texto. Medida aprox 8 cm. Incluido anilla. IB 31106 : Medalla Mod. Calado Alto relieve con foto y resina &hellip;<\/p>\n<p class=\"read-more\"> <a class=\"thunk-readmore button\" href=\"https:\/\/industrialbaymar.es\/en\/product\/medalla-alto-relieve-con-foto-resina\/\"> <span class=\"screen-reader-text\">Medalla alto relieve con foto resina<\/span>Read More<\/a><\/p>","protected":false},"featured_media":13370,"comment_status":"open","ping_status":"closed","template":"","meta":[],"product_brand":[],"product_cat":[364],"product_tag":[],"class_list":{"0":"post-13058","1":"product","2":"type-product","3":"status-publish","4":"has-post-thumbnail","6":"product_cat-medallas-2","7":"thunk-woo-product-list","8":"opn-qv-enable","9":"top-store-woo-hover-zoom","10":"top-store-single-product-tab-horizontal","11":"top-store-shadow-","12":"top-store-shadow-hover-","14":"first","15":"instock","16":"shipping-taxable","17":"product-type-simple"},"jetpack-related-posts":[],"jetpack_sharing_enabled":true,"_links":{"self":[{"href":"https:\/\/industrialbaymar.es\/en\/wp-json\/wp\/v2\/product\/13058","targetHints":{"allow":["GET"]}}],"collection":[{"href":"https:\/\/industrialbaymar.es\/en\/wp-json\/wp\/v2\/product"}],"about":[{"href":"https:\/\/industrialbaymar.es\/en\/wp-json\/wp\/v2\/types\/product"}],"replies":[{"embeddable":true,"href":"https:\/\/industrialbaymar.es\/en\/wp-json\/wp\/v2\/comments?post=13058"}],"wp:featuredmedia":[{"embeddable":true,"href":"https:\/\/industrialbaymar.es\/en\/wp-json\/wp\/v2\/media\/13370"}],"wp:attachment":[{"href":"https:\/\/industrialbaymar.es\/en\/wp-json\/wp\/v2\/media?parent=13058"}],"wp:term":[{"taxonomy":"product_brand","embeddable":true,"href":"https:\/\/industrialbaymar.es\/en\/wp-json\/wp\/v2\/product_brand?post=13058"},{"taxonomy":"product_cat","embeddable":true,"href":"https:\/\/industrialbaymar.es\/en\/wp-json\/wp\/v2\/product_cat?post=13058"},{"taxonomy":"product_tag","embeddable":true,"href":"https:\/\/industrialbaymar.es\/en\/wp-json\/wp\/v2\/product_tag?post=13058"}],"curies":[{"name":"wp","href":"https:\/\/api.w.org\/{rel}","templated":true}]}}