{"id":13064,"date":"2023-04-05T09:18:37","date_gmt":"2023-04-05T09:18:37","guid":{"rendered":"https:\/\/industrialbaymar.es\/?post_type=product&#038;p=13064"},"modified":"2026-03-31T14:32:47","modified_gmt":"2026-03-31T14:32:47","slug":"medalla-alto-relieve-con-foto-y-resina","status":"publish","type":"product","link":"https:\/\/industrialbaymar.es\/en\/product\/medalla-alto-relieve-con-foto-y-resina\/","title":{"rendered":"Medalla alto relieve con foto y resina"},"content":{"rendered":"<p>IB 31109 a 31115 : Medalla Alto relieve con foto y resina 1 cara reverso sin texto. Medida aprox 7 cm. Incluye anilla.<br \/>\n* El ba\u00f1o de n\u00edquel est\u00e1 incluido en el precio base.<br \/>\n* Las piezas de Alto relieve requieren Buril o escultura en caso de no existir modelo original.<br \/>\n* Consult the rate for supplements and terminations to add or deduct from the base price.<\/p>","protected":false},"excerpt":{"rendered":"<p>IB 31109 a 31115 : Medalla Alto relieve con foto y resina 1 cara reverso sin texto. Medida aprox 7 cm. Incluye anilla. * El ba\u00f1o de n\u00edquel est\u00e1 incluido en el precio base. * Las piezas de Alto relieve requieren Buril o escultura en caso de no existir modelo original. * Consultar en tarifa &hellip;<\/p>\n<p class=\"read-more\"> <a class=\"thunk-readmore button\" href=\"https:\/\/industrialbaymar.es\/en\/product\/medalla-alto-relieve-con-foto-y-resina\/\"> <span class=\"screen-reader-text\">Medalla alto relieve con foto y resina<\/span>Read More<\/a><\/p>","protected":false},"featured_media":13065,"comment_status":"open","ping_status":"closed","template":"","meta":[],"product_brand":[],"product_cat":[364],"product_tag":[],"class_list":{"0":"post-13064","1":"product","2":"type-product","3":"status-publish","4":"has-post-thumbnail","6":"product_cat-medallas-2","7":"thunk-woo-product-list","8":"opn-qv-enable","9":"top-store-woo-hover-zoom","10":"top-store-single-product-tab-horizontal","11":"top-store-shadow-","12":"top-store-shadow-hover-","14":"first","15":"instock","16":"shipping-taxable","17":"product-type-simple"},"jetpack-related-posts":[],"jetpack_sharing_enabled":true,"_links":{"self":[{"href":"https:\/\/industrialbaymar.es\/en\/wp-json\/wp\/v2\/product\/13064","targetHints":{"allow":["GET"]}}],"collection":[{"href":"https:\/\/industrialbaymar.es\/en\/wp-json\/wp\/v2\/product"}],"about":[{"href":"https:\/\/industrialbaymar.es\/en\/wp-json\/wp\/v2\/types\/product"}],"replies":[{"embeddable":true,"href":"https:\/\/industrialbaymar.es\/en\/wp-json\/wp\/v2\/comments?post=13064"}],"wp:featuredmedia":[{"embeddable":true,"href":"https:\/\/industrialbaymar.es\/en\/wp-json\/wp\/v2\/media\/13065"}],"wp:attachment":[{"href":"https:\/\/industrialbaymar.es\/en\/wp-json\/wp\/v2\/media?parent=13064"}],"wp:term":[{"taxonomy":"product_brand","embeddable":true,"href":"https:\/\/industrialbaymar.es\/en\/wp-json\/wp\/v2\/product_brand?post=13064"},{"taxonomy":"product_cat","embeddable":true,"href":"https:\/\/industrialbaymar.es\/en\/wp-json\/wp\/v2\/product_cat?post=13064"},{"taxonomy":"product_tag","embeddable":true,"href":"https:\/\/industrialbaymar.es\/en\/wp-json\/wp\/v2\/product_tag?post=13064"}],"curies":[{"name":"wp","href":"https:\/\/api.w.org\/{rel}","templated":true}]}}