{"id":13077,"date":"2023-04-05T09:21:46","date_gmt":"2023-04-05T09:21:46","guid":{"rendered":"https:\/\/industrialbaymar.es\/?post_type=product&#038;p=13077"},"modified":"2025-12-01T10:47:18","modified_gmt":"2025-12-01T10:47:18","slug":"medalla-mod-alto-relieve","status":"publish","type":"product","link":"https:\/\/industrialbaymar.es\/en\/product\/medalla-mod-alto-relieve\/","title":{"rendered":"Medalla mod. alto relieve"},"content":{"rendered":"<p>IB 31205 : Medalla Mod. Alto relieve con Dos piezas. Incluido anilla.<br \/>\nIB 31210 : Medalla Mod. Alto relieve con dos tipos de ba\u00f1o. Incluido anilla.<br \/>\nIB 31300 : Medalla Mod. Bara Alto relieve . Grosor 9 mm. No incluye madera.<br \/>\n* Se puede realizar cualquier medida y dise\u00f1o.<br \/>\n* El ba\u00f1o de n\u00edquel est\u00e1 incluido en el precio base.<br \/>\n* Las piezas de Alto relieve requieren Buril o escultura en caso de no existir modelo original.<br \/>\n* Consult the rate for supplements and terminations to add or deduct from the base price.<\/p>","protected":false},"excerpt":{"rendered":"<p>IB 31205 : Medalla Mod. Alto relieve con Dos piezas. Incluido anilla. IB 31210 : Medalla Mod. Alto relieve con dos tipos de ba\u00f1o. Incluido anilla. IB 31300 : Medalla Mod. Bara Alto relieve . Grosor 9 mm. No incluye madera. * Se puede realizar cualquier medida y dise\u00f1o. * El ba\u00f1o de n\u00edquel est\u00e1 &hellip;<\/p>\n<p class=\"read-more\"> <a class=\"thunk-readmore button\" href=\"https:\/\/industrialbaymar.es\/en\/product\/medalla-mod-alto-relieve\/\"> <span class=\"screen-reader-text\">Medalla mod. alto relieve<\/span>Read More<\/a><\/p>","protected":false},"featured_media":13078,"comment_status":"open","ping_status":"closed","template":"","meta":[],"product_brand":[],"product_cat":[364],"product_tag":[],"class_list":{"0":"post-13077","1":"product","2":"type-product","3":"status-publish","4":"has-post-thumbnail","6":"product_cat-medallas-2","7":"thunk-woo-product-list","8":"opn-qv-enable","9":"top-store-woo-hover-zoom","10":"top-store-single-product-tab-horizontal","11":"top-store-shadow-","12":"top-store-shadow-hover-","14":"first","15":"instock","16":"shipping-taxable","17":"product-type-simple"},"jetpack-related-posts":[],"jetpack_sharing_enabled":true,"_links":{"self":[{"href":"https:\/\/industrialbaymar.es\/en\/wp-json\/wp\/v2\/product\/13077","targetHints":{"allow":["GET"]}}],"collection":[{"href":"https:\/\/industrialbaymar.es\/en\/wp-json\/wp\/v2\/product"}],"about":[{"href":"https:\/\/industrialbaymar.es\/en\/wp-json\/wp\/v2\/types\/product"}],"replies":[{"embeddable":true,"href":"https:\/\/industrialbaymar.es\/en\/wp-json\/wp\/v2\/comments?post=13077"}],"wp:featuredmedia":[{"embeddable":true,"href":"https:\/\/industrialbaymar.es\/en\/wp-json\/wp\/v2\/media\/13078"}],"wp:attachment":[{"href":"https:\/\/industrialbaymar.es\/en\/wp-json\/wp\/v2\/media?parent=13077"}],"wp:term":[{"taxonomy":"product_brand","embeddable":true,"href":"https:\/\/industrialbaymar.es\/en\/wp-json\/wp\/v2\/product_brand?post=13077"},{"taxonomy":"product_cat","embeddable":true,"href":"https:\/\/industrialbaymar.es\/en\/wp-json\/wp\/v2\/product_cat?post=13077"},{"taxonomy":"product_tag","embeddable":true,"href":"https:\/\/industrialbaymar.es\/en\/wp-json\/wp\/v2\/product_tag?post=13077"}],"curies":[{"name":"wp","href":"https:\/\/api.w.org\/{rel}","templated":true}]}}