{"id":13092,"date":"2023-04-05T09:27:00","date_gmt":"2023-04-05T09:27:00","guid":{"rendered":"https:\/\/industrialbaymar.es\/?post_type=product&#038;p=13092"},"modified":"2025-10-12T17:48:11","modified_gmt":"2025-10-12T17:48:11","slug":"pisapapeles-alto-relieve-y-fotograbado","status":"publish","type":"product","link":"https:\/\/industrialbaymar.es\/en\/product\/pisapapeles-alto-relieve-y-fotograbado\/","title":{"rendered":"Pisapapeles alto relieve y fotograbado"},"content":{"rendered":"<p>IB 31700 : Pisapapeles alto relieve y fotograbado y personalizada por ambas caras. Este tipo de medalla se caracteriza<br \/>\nespecialmente por un grosor de entre 5-7 mm incluido relieve.<br \/>\n* Se puede realizar cualquier medida y dise\u00f1o.<br \/>\n* El ba\u00f1o de n\u00edquel est\u00e1 incluido en el precio base.<br \/>\n* Las piezas de Alto relieve requieren Buril o escultura en caso de no existir modelo original.<br \/>\n* Consult the rate for supplements and terminations to add or deduct from the base price.<\/p>","protected":false},"excerpt":{"rendered":"<p>IB 31700 : Pisapapeles alto relieve y fotograbado y personalizada por ambas caras. Este tipo de medalla se caracteriza especialmente por un grosor de entre 5-7 mm incluido relieve. * Se puede realizar cualquier medida y dise\u00f1o. * El ba\u00f1o de n\u00edquel est\u00e1 incluido en el precio base. * Las piezas de Alto relieve requieren &hellip;<\/p>\n<p class=\"read-more\"> <a class=\"thunk-readmore button\" href=\"https:\/\/industrialbaymar.es\/en\/product\/pisapapeles-alto-relieve-y-fotograbado\/\"> <span class=\"screen-reader-text\">Pisapapeles alto relieve y fotograbado<\/span>Read More<\/a><\/p>","protected":false},"featured_media":13093,"comment_status":"open","ping_status":"closed","template":"","meta":[],"product_brand":[],"product_cat":[287],"product_tag":[],"class_list":{"0":"post-13092","1":"product","2":"type-product","3":"status-publish","4":"has-post-thumbnail","6":"product_cat-pisapapeles","7":"thunk-woo-product-list","8":"opn-qv-enable","9":"top-store-woo-hover-zoom","10":"top-store-single-product-tab-horizontal","11":"top-store-shadow-","12":"top-store-shadow-hover-","14":"first","15":"instock","16":"shipping-taxable","17":"product-type-simple"},"jetpack-related-posts":[],"jetpack_sharing_enabled":true,"_links":{"self":[{"href":"https:\/\/industrialbaymar.es\/en\/wp-json\/wp\/v2\/product\/13092","targetHints":{"allow":["GET"]}}],"collection":[{"href":"https:\/\/industrialbaymar.es\/en\/wp-json\/wp\/v2\/product"}],"about":[{"href":"https:\/\/industrialbaymar.es\/en\/wp-json\/wp\/v2\/types\/product"}],"replies":[{"embeddable":true,"href":"https:\/\/industrialbaymar.es\/en\/wp-json\/wp\/v2\/comments?post=13092"}],"wp:featuredmedia":[{"embeddable":true,"href":"https:\/\/industrialbaymar.es\/en\/wp-json\/wp\/v2\/media\/13093"}],"wp:attachment":[{"href":"https:\/\/industrialbaymar.es\/en\/wp-json\/wp\/v2\/media?parent=13092"}],"wp:term":[{"taxonomy":"product_brand","embeddable":true,"href":"https:\/\/industrialbaymar.es\/en\/wp-json\/wp\/v2\/product_brand?post=13092"},{"taxonomy":"product_cat","embeddable":true,"href":"https:\/\/industrialbaymar.es\/en\/wp-json\/wp\/v2\/product_cat?post=13092"},{"taxonomy":"product_tag","embeddable":true,"href":"https:\/\/industrialbaymar.es\/en\/wp-json\/wp\/v2\/product_tag?post=13092"}],"curies":[{"name":"wp","href":"https:\/\/api.w.org\/{rel}","templated":true}]}}