{"id":13100,"date":"2023-04-05T09:28:41","date_gmt":"2023-04-05T09:28:41","guid":{"rendered":"https:\/\/industrialbaymar.es\/?post_type=product&#038;p=13100"},"modified":"2025-10-24T15:17:22","modified_gmt":"2025-10-24T15:17:22","slug":"pisapapeles-alto-relieve-personalizada-por-ambas-caras","status":"publish","type":"product","link":"https:\/\/industrialbaymar.es\/en\/product\/pisapapeles-alto-relieve-personalizada-por-ambas-caras\/","title":{"rendered":"Pisapapeles alto relieve personalizada por ambas caras"},"content":{"rendered":"<p>IB 31800 : Pisapapeles alto relieve personalizada por ambas caras. Este tipo de medalla se caracteriza especialmente<br \/>\npor un grosor de entre 8-14 mm y relieves muy pronunciados, rozando las 3 dimensiones.<br \/>\n* Se puede realizar cualquier medida y dise\u00f1o.<br \/>\n* Nickel plating is included in the base price. Enamels not included.<br \/>\n* Las piezas de Alto relieve requieren Buril o escultura en caso de no existir modelo original.<br \/>\n* Consult the rate for supplements and terminations to add or deduct from the base price.<\/p>","protected":false},"excerpt":{"rendered":"<p>IB 31800 : Pisapapeles alto relieve personalizada por ambas caras. Este tipo de medalla se caracteriza especialmente por un grosor de entre 8-14 mm y relieves muy pronunciados, rozando las 3 dimensiones. * Se puede realizar cualquier medida y dise\u00f1o. * El ba\u00f1o de n\u00edquel est\u00e1 incluido en el precio base. No incluido esmaltes. * &hellip;<\/p>\n<p class=\"read-more\"> <a class=\"thunk-readmore button\" href=\"https:\/\/industrialbaymar.es\/en\/product\/pisapapeles-alto-relieve-personalizada-por-ambas-caras\/\"> <span class=\"screen-reader-text\">Pisapapeles alto relieve personalizada por ambas caras<\/span>Read More<\/a><\/p>","protected":false},"featured_media":13101,"comment_status":"open","ping_status":"closed","template":"","meta":[],"product_brand":[],"product_cat":[287],"product_tag":[],"class_list":{"0":"post-13100","1":"product","2":"type-product","3":"status-publish","4":"has-post-thumbnail","6":"product_cat-pisapapeles","7":"thunk-woo-product-list","8":"opn-qv-enable","9":"top-store-woo-hover-zoom","10":"top-store-single-product-tab-horizontal","11":"top-store-shadow-","12":"top-store-shadow-hover-","14":"first","15":"instock","16":"shipping-taxable","17":"product-type-simple"},"jetpack-related-posts":[],"jetpack_sharing_enabled":true,"_links":{"self":[{"href":"https:\/\/industrialbaymar.es\/en\/wp-json\/wp\/v2\/product\/13100","targetHints":{"allow":["GET"]}}],"collection":[{"href":"https:\/\/industrialbaymar.es\/en\/wp-json\/wp\/v2\/product"}],"about":[{"href":"https:\/\/industrialbaymar.es\/en\/wp-json\/wp\/v2\/types\/product"}],"replies":[{"embeddable":true,"href":"https:\/\/industrialbaymar.es\/en\/wp-json\/wp\/v2\/comments?post=13100"}],"wp:featuredmedia":[{"embeddable":true,"href":"https:\/\/industrialbaymar.es\/en\/wp-json\/wp\/v2\/media\/13101"}],"wp:attachment":[{"href":"https:\/\/industrialbaymar.es\/en\/wp-json\/wp\/v2\/media?parent=13100"}],"wp:term":[{"taxonomy":"product_brand","embeddable":true,"href":"https:\/\/industrialbaymar.es\/en\/wp-json\/wp\/v2\/product_brand?post=13100"},{"taxonomy":"product_cat","embeddable":true,"href":"https:\/\/industrialbaymar.es\/en\/wp-json\/wp\/v2\/product_cat?post=13100"},{"taxonomy":"product_tag","embeddable":true,"href":"https:\/\/industrialbaymar.es\/en\/wp-json\/wp\/v2\/product_tag?post=13100"}],"curies":[{"name":"wp","href":"https:\/\/api.w.org\/{rel}","templated":true}]}}