{"id":13104,"date":"2023-04-05T09:30:59","date_gmt":"2023-04-05T09:30:59","guid":{"rendered":"https:\/\/industrialbaymar.es\/?post_type=product&#038;p=13104"},"modified":"2025-10-24T15:15:22","modified_gmt":"2025-10-24T15:15:22","slug":"medallas-commemorativas-en-fundicion-alto-relieve","status":"publish","type":"product","link":"https:\/\/industrialbaymar.es\/en\/product\/medallas-commemorativas-en-fundicion-alto-relieve\/","title":{"rendered":"Medallas commemorativas en fundici\u00f3n Alto relieve"},"content":{"rendered":"<p>IB 33000: Medallas conmemorativas en fundici\u00f3n Alto relieve o Fotograbadas, personalizada por anverso y reverso.<br \/>\nAlta calidad de terminaci\u00f3n. Metal de fabricaci\u00f3n en Aleaci\u00f3n o Plata de ley . Grosor habitual 4 mm.<br \/>\n* Se puede realizar cualquier medida.<br \/>\n* Nickel plating is included in the base price. Enamels not included.<br \/>\n* Las piezas de Alto relieve requieren Buril o escultura en caso de no existir modelo original.<br \/>\n* Consult the rate for supplements and terminations to add or deduct from the base price.<\/p>","protected":false},"excerpt":{"rendered":"<p>IB 33000: Medallas conmemorativas en fundici\u00f3n Alto relieve o Fotograbadas, personalizada por anverso y reverso. Alta calidad de terminaci\u00f3n. Metal de fabricaci\u00f3n en Aleaci\u00f3n o Plata de ley . Grosor habitual 4 mm. * Se puede realizar cualquier medida. * El ba\u00f1o de n\u00edquel est\u00e1 incluido en el precio base. No incluido esmaltes. * Las &hellip;<\/p>\n<p class=\"read-more\"> <a class=\"thunk-readmore button\" href=\"https:\/\/industrialbaymar.es\/en\/product\/medallas-commemorativas-en-fundicion-alto-relieve\/\"> <span class=\"screen-reader-text\">Medallas commemorativas en fundici\u00f3n Alto relieve<\/span>Read More<\/a><\/p>","protected":false},"featured_media":13105,"comment_status":"open","ping_status":"closed","template":"","meta":[],"product_brand":[],"product_cat":[364],"product_tag":[],"class_list":{"0":"post-13104","1":"product","2":"type-product","3":"status-publish","4":"has-post-thumbnail","6":"product_cat-medallas-2","7":"thunk-woo-product-list","8":"opn-qv-enable","9":"top-store-woo-hover-zoom","10":"top-store-single-product-tab-horizontal","11":"top-store-shadow-","12":"top-store-shadow-hover-","14":"first","15":"instock","16":"shipping-taxable","17":"product-type-simple"},"jetpack-related-posts":[],"jetpack_sharing_enabled":true,"_links":{"self":[{"href":"https:\/\/industrialbaymar.es\/en\/wp-json\/wp\/v2\/product\/13104","targetHints":{"allow":["GET"]}}],"collection":[{"href":"https:\/\/industrialbaymar.es\/en\/wp-json\/wp\/v2\/product"}],"about":[{"href":"https:\/\/industrialbaymar.es\/en\/wp-json\/wp\/v2\/types\/product"}],"replies":[{"embeddable":true,"href":"https:\/\/industrialbaymar.es\/en\/wp-json\/wp\/v2\/comments?post=13104"}],"wp:featuredmedia":[{"embeddable":true,"href":"https:\/\/industrialbaymar.es\/en\/wp-json\/wp\/v2\/media\/13105"}],"wp:attachment":[{"href":"https:\/\/industrialbaymar.es\/en\/wp-json\/wp\/v2\/media?parent=13104"}],"wp:term":[{"taxonomy":"product_brand","embeddable":true,"href":"https:\/\/industrialbaymar.es\/en\/wp-json\/wp\/v2\/product_brand?post=13104"},{"taxonomy":"product_cat","embeddable":true,"href":"https:\/\/industrialbaymar.es\/en\/wp-json\/wp\/v2\/product_cat?post=13104"},{"taxonomy":"product_tag","embeddable":true,"href":"https:\/\/industrialbaymar.es\/en\/wp-json\/wp\/v2\/product_tag?post=13104"}],"curies":[{"name":"wp","href":"https:\/\/api.w.org\/{rel}","templated":true}]}}