{"id":13108,"date":"2023-04-05T09:33:15","date_gmt":"2023-04-05T09:33:15","guid":{"rendered":"https:\/\/industrialbaymar.es\/?post_type=product&#038;p=13108"},"modified":"2026-03-31T00:50:39","modified_gmt":"2026-03-31T00:50:39","slug":"medallas-conmemorativas-en-fundicion-alto-relieve-o-fotograbadas","status":"publish","type":"product","link":"https:\/\/industrialbaymar.es\/en\/product\/medallas-conmemorativas-en-fundicion-alto-relieve-o-fotograbadas\/","title":{"rendered":"Medallas conmemorativas en fundici\u00f3n alto relieve o fotograbadas"},"content":{"rendered":"<p>IB 33000 : Medallas conmemorativas en fundici\u00f3n alto relieve o fotograbadas, personalizada por anverso y reverso liso.<br \/>\nAlta calidad de terminaci\u00f3n. Metal de fabricaci\u00f3n en Aleaci\u00f3n o Plata de ley. Grosor habitual 4 mm.<br \/>\n* Se puede realizar cualquier medida.<br \/>\n* El ba\u00f1o de niquel est\u00e1 incluido en el precio base. No incluido esmaltes.<br \/>\n* High relief pieces require a burin or sculpture if there is no original model.<br \/>\n* Consultar en tarifa suplementos y terminaciones para a\u00f1adir o deducir al precio base<\/p>","protected":false},"excerpt":{"rendered":"<p>IB 33000 : Medallas conmemorativas en fundici\u00f3n alto relieve o fotograbadas, personalizada por anverso y reverso liso. Alta calidad de terminaci\u00f3n. Metal de fabricaci\u00f3n en Aleaci\u00f3n o Plata de ley. Grosor habitual 4 mm. * Se puede realizar cualquier medida. * El ba\u00f1o de niquel est\u00e1 incluido en el precio base. No incluido esmaltes. * &hellip;<\/p>\n<p class=\"read-more\"> <a class=\"thunk-readmore button\" href=\"https:\/\/industrialbaymar.es\/en\/product\/medallas-conmemorativas-en-fundicion-alto-relieve-o-fotograbadas\/\"> <span class=\"screen-reader-text\">Medallas conmemorativas en fundici\u00f3n alto relieve o fotograbadas<\/span>Read More<\/a><\/p>","protected":false},"featured_media":13109,"comment_status":"open","ping_status":"closed","template":"","meta":[],"product_brand":[],"product_cat":[364],"product_tag":[],"class_list":{"0":"post-13108","1":"product","2":"type-product","3":"status-publish","4":"has-post-thumbnail","6":"product_cat-medallas-2","7":"thunk-woo-product-list","8":"opn-qv-enable","9":"top-store-woo-hover-zoom","10":"top-store-single-product-tab-horizontal","11":"top-store-shadow-","12":"top-store-shadow-hover-","14":"first","15":"instock","16":"shipping-taxable","17":"product-type-simple"},"jetpack-related-posts":[],"jetpack_sharing_enabled":true,"_links":{"self":[{"href":"https:\/\/industrialbaymar.es\/en\/wp-json\/wp\/v2\/product\/13108","targetHints":{"allow":["GET"]}}],"collection":[{"href":"https:\/\/industrialbaymar.es\/en\/wp-json\/wp\/v2\/product"}],"about":[{"href":"https:\/\/industrialbaymar.es\/en\/wp-json\/wp\/v2\/types\/product"}],"replies":[{"embeddable":true,"href":"https:\/\/industrialbaymar.es\/en\/wp-json\/wp\/v2\/comments?post=13108"}],"wp:featuredmedia":[{"embeddable":true,"href":"https:\/\/industrialbaymar.es\/en\/wp-json\/wp\/v2\/media\/13109"}],"wp:attachment":[{"href":"https:\/\/industrialbaymar.es\/en\/wp-json\/wp\/v2\/media?parent=13108"}],"wp:term":[{"taxonomy":"product_brand","embeddable":true,"href":"https:\/\/industrialbaymar.es\/en\/wp-json\/wp\/v2\/product_brand?post=13108"},{"taxonomy":"product_cat","embeddable":true,"href":"https:\/\/industrialbaymar.es\/en\/wp-json\/wp\/v2\/product_cat?post=13108"},{"taxonomy":"product_tag","embeddable":true,"href":"https:\/\/industrialbaymar.es\/en\/wp-json\/wp\/v2\/product_tag?post=13108"}],"curies":[{"name":"wp","href":"https:\/\/api.w.org\/{rel}","templated":true}]}}