{"id":13116,"date":"2023-04-05T09:35:45","date_gmt":"2023-04-05T09:35:45","guid":{"rendered":"https:\/\/industrialbaymar.es\/?post_type=product&#038;p=13116"},"modified":"2025-11-04T12:23:45","modified_gmt":"2025-11-04T12:23:45","slug":"medallas-condecorativas-en-fundicion-alto-relieve-o-fotograbadas","status":"publish","type":"product","link":"https:\/\/industrialbaymar.es\/en\/product\/medallas-condecorativas-en-fundicion-alto-relieve-o-fotograbadas\/","title":{"rendered":"Medallas condecoraci\u00f3n"},"content":{"rendered":"<p>IB 33500: Medallas condecorativas en fundici\u00f3n Alto relieve o Fotograbadas, personalizada por anverso y reverso liso.<br \/>\nAlta calidad de terminaci\u00f3n. Metal de fabricaci\u00f3n en Aleaci\u00f3n o Plata de ley. Grosor habitual 2 mm.<br \/>\nIB 33550.1.2 : Medallas condecorativas en fundici\u00f3n Alto relieve ambas caras con corona vasculante a buril por ambas caras.<br \/>\nAlta calidad de terminaci\u00f3n. Metal de fabricaci\u00f3n en Aleaci\u00f3n o Plata de ley . Grosor habitual 4 mm.<br \/>\nSe puede realizar cualquier medida.<br \/>\n* El ba\u00f1o de n\u00edquel est\u00e1 incluido en el precio base. No incluido esmaltes ni cinta.<br \/>\n* High relief pieces require a burin or sculpture if there is no original model.<br \/>\n* Consult the rate for supplements and terminations to add or deduct from the base price.<\/p>","protected":false},"excerpt":{"rendered":"<p>IB 33500: Medallas condecorativas en fundici\u00f3n Alto relieve o Fotograbadas, personalizada por anverso y reverso liso. Alta calidad de terminaci\u00f3n. Metal de fabricaci\u00f3n en Aleaci\u00f3n o Plata de ley. Grosor habitual 2 mm. IB 33550.1.2 : Medallas condecorativas en fundici\u00f3n Alto relieve ambas caras con corona vasculante a buril por ambas caras. Alta calidad de &hellip;<\/p>\n<p class=\"read-more\"> <a class=\"thunk-readmore button\" href=\"https:\/\/industrialbaymar.es\/en\/product\/medallas-condecorativas-en-fundicion-alto-relieve-o-fotograbadas\/\"> <span class=\"screen-reader-text\">Medallas condecoraci\u00f3n<\/span>Read More<\/a><\/p>","protected":false},"featured_media":13117,"comment_status":"open","ping_status":"closed","template":"","meta":[],"product_brand":[],"product_cat":[364],"product_tag":[],"class_list":{"0":"post-13116","1":"product","2":"type-product","3":"status-publish","4":"has-post-thumbnail","6":"product_cat-medallas-2","7":"thunk-woo-product-list","8":"opn-qv-enable","9":"top-store-woo-hover-zoom","10":"top-store-single-product-tab-horizontal","11":"top-store-shadow-","12":"top-store-shadow-hover-","14":"first","15":"instock","16":"shipping-taxable","17":"product-type-simple"},"jetpack-related-posts":[],"jetpack_sharing_enabled":true,"_links":{"self":[{"href":"https:\/\/industrialbaymar.es\/en\/wp-json\/wp\/v2\/product\/13116","targetHints":{"allow":["GET"]}}],"collection":[{"href":"https:\/\/industrialbaymar.es\/en\/wp-json\/wp\/v2\/product"}],"about":[{"href":"https:\/\/industrialbaymar.es\/en\/wp-json\/wp\/v2\/types\/product"}],"replies":[{"embeddable":true,"href":"https:\/\/industrialbaymar.es\/en\/wp-json\/wp\/v2\/comments?post=13116"}],"wp:featuredmedia":[{"embeddable":true,"href":"https:\/\/industrialbaymar.es\/en\/wp-json\/wp\/v2\/media\/13117"}],"wp:attachment":[{"href":"https:\/\/industrialbaymar.es\/en\/wp-json\/wp\/v2\/media?parent=13116"}],"wp:term":[{"taxonomy":"product_brand","embeddable":true,"href":"https:\/\/industrialbaymar.es\/en\/wp-json\/wp\/v2\/product_brand?post=13116"},{"taxonomy":"product_cat","embeddable":true,"href":"https:\/\/industrialbaymar.es\/en\/wp-json\/wp\/v2\/product_cat?post=13116"},{"taxonomy":"product_tag","embeddable":true,"href":"https:\/\/industrialbaymar.es\/en\/wp-json\/wp\/v2\/product_tag?post=13116"}],"curies":[{"name":"wp","href":"https:\/\/api.w.org\/{rel}","templated":true}]}}