{"id":13120,"date":"2023-04-05T09:38:00","date_gmt":"2023-04-05T09:38:00","guid":{"rendered":"https:\/\/industrialbaymar.es\/?post_type=product&#038;p=13120"},"modified":"2025-10-23T05:32:10","modified_gmt":"2025-10-23T05:32:10","slug":"placas-oficiales-alto-relieve-o-fotograbadas","status":"publish","type":"product","link":"https:\/\/industrialbaymar.es\/en\/product\/placas-oficiales-alto-relieve-o-fotograbadas\/","title":{"rendered":"Placas Oficiales alto Relieve o fotograbadas"},"content":{"rendered":"<p>IB 31800 : Placas Oficiales Alto Relieve o Fotograbadas, personalizada por anverso y reverso liso. Este tipo de medalla<br \/>\nse caracteriza especialmente por su calidad y terminaci\u00f3n por un grosor de entre 2-4 mm.<br \/>\n* Se puede realizar cualquier medida.<br \/>\n* Nickel plating is included in the base price. Enamels not included.<br \/>\n* Las piezas de Alto relieve requieren Buril o escultura en caso de no existir modelo original.<br \/>\n* Consult the rate for supplements and terminations to add or deduct from the base price.<br \/>\n* Para la fabricaci\u00f3n de este tipo de placas se pedir\u00e1 la debida documentaci\u00f3n de la autoridad pertinente en los casos que se requieran.<br \/>\n* Los modelos pueden fabricarse para coleccionismo.<\/p>","protected":false},"excerpt":{"rendered":"<p>IB 31800 : Placas Oficiales Alto Relieve o Fotograbadas, personalizada por anverso y reverso liso. Este tipo de medalla se caracteriza especialmente por su calidad y terminaci\u00f3n por un grosor de entre 2-4 mm. * Se puede realizar cualquier medida. * El ba\u00f1o de n\u00edquel est\u00e1 incluido en el precio base. No incluido esmaltes. * &hellip;<\/p>\n<p class=\"read-more\"> <a class=\"thunk-readmore button\" href=\"https:\/\/industrialbaymar.es\/en\/product\/placas-oficiales-alto-relieve-o-fotograbadas\/\"> <span class=\"screen-reader-text\">Placas Oficiales alto Relieve o fotograbadas<\/span>Read More<\/a><\/p>","protected":false},"featured_media":13121,"comment_status":"open","ping_status":"closed","template":"","meta":[],"product_brand":[],"product_cat":[375],"product_tag":[],"class_list":{"0":"post-13120","1":"product","2":"type-product","3":"status-publish","4":"has-post-thumbnail","6":"product_cat-placas","7":"thunk-woo-product-list","8":"opn-qv-enable","9":"top-store-woo-hover-zoom","10":"top-store-single-product-tab-horizontal","11":"top-store-shadow-","12":"top-store-shadow-hover-","14":"first","15":"instock","16":"shipping-taxable","17":"product-type-simple"},"jetpack-related-posts":[],"jetpack_sharing_enabled":true,"_links":{"self":[{"href":"https:\/\/industrialbaymar.es\/en\/wp-json\/wp\/v2\/product\/13120","targetHints":{"allow":["GET"]}}],"collection":[{"href":"https:\/\/industrialbaymar.es\/en\/wp-json\/wp\/v2\/product"}],"about":[{"href":"https:\/\/industrialbaymar.es\/en\/wp-json\/wp\/v2\/types\/product"}],"replies":[{"embeddable":true,"href":"https:\/\/industrialbaymar.es\/en\/wp-json\/wp\/v2\/comments?post=13120"}],"wp:featuredmedia":[{"embeddable":true,"href":"https:\/\/industrialbaymar.es\/en\/wp-json\/wp\/v2\/media\/13121"}],"wp:attachment":[{"href":"https:\/\/industrialbaymar.es\/en\/wp-json\/wp\/v2\/media?parent=13120"}],"wp:term":[{"taxonomy":"product_brand","embeddable":true,"href":"https:\/\/industrialbaymar.es\/en\/wp-json\/wp\/v2\/product_brand?post=13120"},{"taxonomy":"product_cat","embeddable":true,"href":"https:\/\/industrialbaymar.es\/en\/wp-json\/wp\/v2\/product_cat?post=13120"},{"taxonomy":"product_tag","embeddable":true,"href":"https:\/\/industrialbaymar.es\/en\/wp-json\/wp\/v2\/product_tag?post=13120"}],"curies":[{"name":"wp","href":"https:\/\/api.w.org\/{rel}","templated":true}]}}