{"id":13131,"date":"2023-04-05T09:42:55","date_gmt":"2023-04-05T09:42:55","guid":{"rendered":"https:\/\/industrialbaymar.es\/?post_type=product&#038;p=13131"},"modified":"2025-10-21T02:23:20","modified_gmt":"2025-10-21T02:23:20","slug":"placas-para-trofeos-grabadas-a-laser","status":"publish","type":"product","link":"https:\/\/industrialbaymar.es\/en\/product\/placas-para-trofeos-grabadas-a-laser\/","title":{"rendered":"Placas para trofeos grabadas a laser"},"content":{"rendered":"<p>IB 32700: Placas para trofeos grabadas a laser, personalizada por anverso y reverso liso con o sin adhesivo. posibilidad de<br \/>\ndiferentes terminaciones oro, plata&#8230; Metal de fabricaci\u00f3n en lat\u00f3n o aluminio. Grosor habitual 0.4-0.6 mm.<br \/>\n* Se puede realizar cualquier medida.<br \/>\n* El ba\u00f1o de niquel est\u00e1 incluido en el precio base. No incluido esmaltes.<br \/>\n* Las piezas de Alto relieve requieren Buril o escultura en caso de no existir modelo original.<br \/>\n* Consultar en tarifa suplementos y terminaciones para a\u00f1adir o deducir al precio base<\/p>","protected":false},"excerpt":{"rendered":"<p>IB 32700: Placas para trofeos grabadas a laser, personalizada por anverso y reverso liso con o sin adhesivo. posibilidad de diferentes terminaciones oro, plata&#8230; Metal de fabricaci\u00f3n en lat\u00f3n o aluminio. Grosor habitual 0.4-0.6 mm. * Se puede realizar cualquier medida. * El ba\u00f1o de niquel est\u00e1 incluido en el precio base. No incluido esmaltes. &hellip;<\/p>\n<p class=\"read-more\"> <a class=\"thunk-readmore button\" href=\"https:\/\/industrialbaymar.es\/en\/product\/placas-para-trofeos-grabadas-a-laser\/\"> <span class=\"screen-reader-text\">Placas para trofeos grabadas a laser<\/span>Read More<\/a><\/p>","protected":false},"featured_media":13132,"comment_status":"open","ping_status":"closed","template":"","meta":[],"product_brand":[],"product_cat":[375],"product_tag":[],"class_list":{"0":"post-13131","1":"product","2":"type-product","3":"status-publish","4":"has-post-thumbnail","6":"product_cat-placas","7":"thunk-woo-product-list","8":"opn-qv-enable","9":"top-store-woo-hover-zoom","10":"top-store-single-product-tab-horizontal","11":"top-store-shadow-","12":"top-store-shadow-hover-","14":"first","15":"instock","16":"shipping-taxable","17":"product-type-simple"},"jetpack-related-posts":[],"jetpack_sharing_enabled":true,"_links":{"self":[{"href":"https:\/\/industrialbaymar.es\/en\/wp-json\/wp\/v2\/product\/13131","targetHints":{"allow":["GET"]}}],"collection":[{"href":"https:\/\/industrialbaymar.es\/en\/wp-json\/wp\/v2\/product"}],"about":[{"href":"https:\/\/industrialbaymar.es\/en\/wp-json\/wp\/v2\/types\/product"}],"replies":[{"embeddable":true,"href":"https:\/\/industrialbaymar.es\/en\/wp-json\/wp\/v2\/comments?post=13131"}],"wp:featuredmedia":[{"embeddable":true,"href":"https:\/\/industrialbaymar.es\/en\/wp-json\/wp\/v2\/media\/13132"}],"wp:attachment":[{"href":"https:\/\/industrialbaymar.es\/en\/wp-json\/wp\/v2\/media?parent=13131"}],"wp:term":[{"taxonomy":"product_brand","embeddable":true,"href":"https:\/\/industrialbaymar.es\/en\/wp-json\/wp\/v2\/product_brand?post=13131"},{"taxonomy":"product_cat","embeddable":true,"href":"https:\/\/industrialbaymar.es\/en\/wp-json\/wp\/v2\/product_cat?post=13131"},{"taxonomy":"product_tag","embeddable":true,"href":"https:\/\/industrialbaymar.es\/en\/wp-json\/wp\/v2\/product_tag?post=13131"}],"curies":[{"name":"wp","href":"https:\/\/api.w.org\/{rel}","templated":true}]}}