{"id":13139,"date":"2023-04-05T09:45:55","date_gmt":"2023-04-05T09:45:55","guid":{"rendered":"https:\/\/industrialbaymar.es\/?post_type=product&#038;p=13139"},"modified":"2026-03-31T00:44:28","modified_gmt":"2026-03-31T00:44:28","slug":"figuras-en-fundicion-en-3-dimensiones","status":"publish","type":"product","link":"https:\/\/industrialbaymar.es\/en\/product\/figuras-en-fundicion-en-3-dimensiones\/","title":{"rendered":"Figuras en fundici\u00f3n en 3 dimensiones"},"content":{"rendered":"<p>IB 35000 : Figuras en fundici\u00f3n en 3 dimensiones, personalizada.<br \/>\n* Se puede realizar cualquier medida.<br \/>\n* El ba\u00f1o de niquel est\u00e1 incluido en el precio ba se. No incluido esmaltes.<br \/>\n* High relief pieces require a burin or sculpture if there is no original model.<br \/>\n* Consult the rate for supplements and terminations to add or deduct from the base price.<\/p>","protected":false},"excerpt":{"rendered":"<p>IB 35000 : Figuras en fundici\u00f3n en 3 dimensiones, personalizada. * Se puede realizar cualquier medida. * El ba\u00f1o de niquel est\u00e1 incluido en el precio ba se. No incluido esmaltes. * Las piezas de Alto relieve requieren buril o escultura en caso de no existir modelo original. * Consultar en tarifa suplementos y terminaciones &hellip;<\/p>\n<p class=\"read-more\"> <a class=\"thunk-readmore button\" href=\"https:\/\/industrialbaymar.es\/en\/product\/figuras-en-fundicion-en-3-dimensiones\/\"> <span class=\"screen-reader-text\">Figuras en fundici\u00f3n en 3 dimensiones<\/span>Read More<\/a><\/p>","protected":false},"featured_media":13140,"comment_status":"open","ping_status":"closed","template":"","meta":[],"product_brand":[],"product_cat":[379],"product_tag":[],"class_list":{"0":"post-13139","1":"product","2":"type-product","3":"status-publish","4":"has-post-thumbnail","6":"product_cat-monedas-y-figuras","7":"thunk-woo-product-list","8":"opn-qv-enable","9":"top-store-woo-hover-zoom","10":"top-store-single-product-tab-horizontal","11":"top-store-shadow-","12":"top-store-shadow-hover-","14":"first","15":"instock","16":"shipping-taxable","17":"product-type-simple"},"jetpack-related-posts":[],"jetpack_sharing_enabled":true,"_links":{"self":[{"href":"https:\/\/industrialbaymar.es\/en\/wp-json\/wp\/v2\/product\/13139","targetHints":{"allow":["GET"]}}],"collection":[{"href":"https:\/\/industrialbaymar.es\/en\/wp-json\/wp\/v2\/product"}],"about":[{"href":"https:\/\/industrialbaymar.es\/en\/wp-json\/wp\/v2\/types\/product"}],"replies":[{"embeddable":true,"href":"https:\/\/industrialbaymar.es\/en\/wp-json\/wp\/v2\/comments?post=13139"}],"wp:featuredmedia":[{"embeddable":true,"href":"https:\/\/industrialbaymar.es\/en\/wp-json\/wp\/v2\/media\/13140"}],"wp:attachment":[{"href":"https:\/\/industrialbaymar.es\/en\/wp-json\/wp\/v2\/media?parent=13139"}],"wp:term":[{"taxonomy":"product_brand","embeddable":true,"href":"https:\/\/industrialbaymar.es\/en\/wp-json\/wp\/v2\/product_brand?post=13139"},{"taxonomy":"product_cat","embeddable":true,"href":"https:\/\/industrialbaymar.es\/en\/wp-json\/wp\/v2\/product_cat?post=13139"},{"taxonomy":"product_tag","embeddable":true,"href":"https:\/\/industrialbaymar.es\/en\/wp-json\/wp\/v2\/product_tag?post=13139"}],"curies":[{"name":"wp","href":"https:\/\/api.w.org\/{rel}","templated":true}]}}