{"id":13143,"date":"2023-04-09T09:07:31","date_gmt":"2023-04-09T09:07:31","guid":{"rendered":"https:\/\/industrialbaymar.es\/?post_type=product&#038;p=13143"},"modified":"2026-03-31T00:42:58","modified_gmt":"2026-03-31T00:42:58","slug":"abrebotellas","status":"publish","type":"product","link":"https:\/\/industrialbaymar.es\/en\/product\/abrebotellas\/","title":{"rendered":"Bottle Opener"},"content":{"rendered":"<p>IB 36000: Photo-etched bottle opener, high relief or cast volume, personalized on the front and back.<br \/>\nAlloy manufacturing metal. Usual thickness 3-4 mm.<br \/>\nIB 36020: Cast bottle opener with photo and resin on the front and back with logo or text. metal manufacturing in<br \/>\nalloy. Usual thickness 3-4 mm<br \/>\nIB 36022: Cast iron bottle opener with photo and resin and high relief crown on the front and back with logo or text. metal<br \/>\nalloy manufacturing. Usual thickness 3-4 mm. measurement 5 cm<br \/>\n* Any measurement or modification can be made.<br \/>\n* Nickel plating is included in the base price. Enamels not included.<br \/>\n* High relief pieces require a burin or sculpture if there is no original model.<br \/>\n* Consult the rate for supplements and terminations to add or deduct from the base price.<\/p>","protected":false},"excerpt":{"rendered":"<p>IB 36000 : Abrebotellas fotograbados, alto relieve o volumen en fundici\u00f3n, personalizada por anverso y reverso. Metal de fabricaci\u00f3n en Aleaci\u00f3n. Grosor habitual 3-4 mm. IB 36020 : Abrebotellas en fundici\u00f3n con foto y resina por anverso y reverso con logo o texto . Metal de fabricaci\u00f3n en aleaci\u00f3n. Grosor habitual 3-4 mm. IB 36022 &hellip;<\/p>\n<p class=\"read-more\"> <a class=\"thunk-readmore button\" href=\"https:\/\/industrialbaymar.es\/en\/product\/abrebotellas\/\"> <span class=\"screen-reader-text\">Bottle Opener<\/span>Read More<\/a><\/p>","protected":false},"featured_media":13324,"comment_status":"open","ping_status":"closed","template":"","meta":[],"product_brand":[],"product_cat":[260],"product_tag":[],"class_list":{"0":"post-13143","1":"product","2":"type-product","3":"status-publish","4":"has-post-thumbnail","6":"product_cat-abrebotellas","7":"thunk-woo-product-list","8":"opn-qv-enable","9":"top-store-woo-hover-zoom","10":"top-store-single-product-tab-horizontal","11":"top-store-shadow-","12":"top-store-shadow-hover-","14":"first","15":"instock","16":"shipping-taxable","17":"product-type-simple"},"jetpack-related-posts":[],"jetpack_sharing_enabled":true,"_links":{"self":[{"href":"https:\/\/industrialbaymar.es\/en\/wp-json\/wp\/v2\/product\/13143","targetHints":{"allow":["GET"]}}],"collection":[{"href":"https:\/\/industrialbaymar.es\/en\/wp-json\/wp\/v2\/product"}],"about":[{"href":"https:\/\/industrialbaymar.es\/en\/wp-json\/wp\/v2\/types\/product"}],"replies":[{"embeddable":true,"href":"https:\/\/industrialbaymar.es\/en\/wp-json\/wp\/v2\/comments?post=13143"}],"wp:featuredmedia":[{"embeddable":true,"href":"https:\/\/industrialbaymar.es\/en\/wp-json\/wp\/v2\/media\/13324"}],"wp:attachment":[{"href":"https:\/\/industrialbaymar.es\/en\/wp-json\/wp\/v2\/media?parent=13143"}],"wp:term":[{"taxonomy":"product_brand","embeddable":true,"href":"https:\/\/industrialbaymar.es\/en\/wp-json\/wp\/v2\/product_brand?post=13143"},{"taxonomy":"product_cat","embeddable":true,"href":"https:\/\/industrialbaymar.es\/en\/wp-json\/wp\/v2\/product_cat?post=13143"},{"taxonomy":"product_tag","embeddable":true,"href":"https:\/\/industrialbaymar.es\/en\/wp-json\/wp\/v2\/product_tag?post=13143"}],"curies":[{"name":"wp","href":"https:\/\/api.w.org\/{rel}","templated":true}]}}