{"id":13166,"date":"2023-04-09T09:07:48","date_gmt":"2023-04-09T09:07:48","guid":{"rendered":"https:\/\/industrialbaymar.es\/?post_type=product&#038;p=13166"},"modified":"2025-12-08T18:23:37","modified_gmt":"2025-12-08T18:23:37","slug":"abrebotellas-2","status":"publish","type":"product","link":"https:\/\/industrialbaymar.es\/en\/product\/abrebotellas-2\/","title":{"rendered":"Bottle Opener"},"content":{"rendered":"<p>IB 36050-55: Abrebotellas Alta calidad para grabaci\u00f3n a laser.<br \/>\nAlloy manufacturing metal. Usual thickness 3-4 mm.<br \/>\n* Any measurement or modification can be made.<br \/>\n* High relief pieces require a burin or sculpture if there is no original model.<br \/>\n* Consult the rate for supplements and terminations to add or deduct from the base price.<\/p>","protected":false},"excerpt":{"rendered":"<p>IB 36050-55: Abrebotellas Alta calidad para grabaci\u00f3n a laser. Metal de fabricaci\u00f3n en Aleaci\u00f3n. Grosor habitual 3-4 mm. * Se puede realizar cualquier medida o modificaci\u00f3n. * Las piezas de Alto relieve requieren buril o escultura en caso de no existir modelo original. * Consultar en tarifa suplementos y terminaciones para a\u00f1adir o deducir al &hellip;<\/p>\n<p class=\"read-more\"> <a class=\"thunk-readmore button\" href=\"https:\/\/industrialbaymar.es\/en\/product\/abrebotellas-2\/\"> <span class=\"screen-reader-text\">Bottle Opener<\/span>Read More<\/a><\/p>","protected":false},"featured_media":13167,"comment_status":"open","ping_status":"closed","template":"","meta":[],"product_brand":[],"product_cat":[260],"product_tag":[],"class_list":{"0":"post-13166","1":"product","2":"type-product","3":"status-publish","4":"has-post-thumbnail","6":"product_cat-abrebotellas","7":"thunk-woo-product-list","8":"opn-qv-enable","9":"top-store-woo-hover-zoom","10":"top-store-single-product-tab-horizontal","11":"top-store-shadow-","12":"top-store-shadow-hover-","14":"first","15":"instock","16":"shipping-taxable","17":"product-type-simple"},"jetpack-related-posts":[],"jetpack_sharing_enabled":true,"_links":{"self":[{"href":"https:\/\/industrialbaymar.es\/en\/wp-json\/wp\/v2\/product\/13166","targetHints":{"allow":["GET"]}}],"collection":[{"href":"https:\/\/industrialbaymar.es\/en\/wp-json\/wp\/v2\/product"}],"about":[{"href":"https:\/\/industrialbaymar.es\/en\/wp-json\/wp\/v2\/types\/product"}],"replies":[{"embeddable":true,"href":"https:\/\/industrialbaymar.es\/en\/wp-json\/wp\/v2\/comments?post=13166"}],"wp:featuredmedia":[{"embeddable":true,"href":"https:\/\/industrialbaymar.es\/en\/wp-json\/wp\/v2\/media\/13167"}],"wp:attachment":[{"href":"https:\/\/industrialbaymar.es\/en\/wp-json\/wp\/v2\/media?parent=13166"}],"wp:term":[{"taxonomy":"product_brand","embeddable":true,"href":"https:\/\/industrialbaymar.es\/en\/wp-json\/wp\/v2\/product_brand?post=13166"},{"taxonomy":"product_cat","embeddable":true,"href":"https:\/\/industrialbaymar.es\/en\/wp-json\/wp\/v2\/product_cat?post=13166"},{"taxonomy":"product_tag","embeddable":true,"href":"https:\/\/industrialbaymar.es\/en\/wp-json\/wp\/v2\/product_tag?post=13166"}],"curies":[{"name":"wp","href":"https:\/\/api.w.org\/{rel}","templated":true}]}}