{"id":13178,"date":"2023-04-09T09:12:14","date_gmt":"2023-04-09T09:12:14","guid":{"rendered":"https:\/\/industrialbaymar.es\/?post_type=product&#038;p=13178"},"modified":"2025-12-01T10:43:24","modified_gmt":"2025-12-01T10:43:24","slug":"abrecartas-especiales","status":"publish","type":"product","link":"https:\/\/industrialbaymar.es\/en\/product\/abrecartas-especiales\/","title":{"rendered":"Abrecartas especiales"},"content":{"rendered":"<p>IB 37100 : Abrecartas fundici\u00f3n Alto relieve con mango en ba\u00f1o de oro y cuerpo en nique por ambas caras. Metal de fabricaci\u00f3n en<br \/>\nAleaci\u00f3n. medida aproximada 15&#215;4 cm.<br \/>\nIB 37101\/2 : Abrecartas fundici\u00f3n formato especial en n\u00edquel por ambas caras. Podemos personalizar ambas caras. Metal de fabricaci\u00f3n en Aleaci\u00f3n. medida aproximada 15&#215;4 cm.<br \/>\n* Any measurement or modification can be made.<br \/>\n* Nickel plating is included in the base price. Enamels not included.<br \/>\n* High relief pieces require a burin or sculpture if there is no original model.<br \/>\n* Consult the rate for supplements and terminations to add or deduct from the base price.<\/p>","protected":false},"excerpt":{"rendered":"<p>IB 37100 : Abrecartas fundici\u00f3n Alto relieve con mango en ba\u00f1o de oro y cuerpo en nique por ambas caras. Metal de fabricaci\u00f3n en Aleaci\u00f3n. medida aproximada 15&#215;4 cm. IB 37101\/2 : Abrecartas fundici\u00f3n formato especial en n\u00edquel por ambas caras. Podemos personalizar ambas caras. Metal de fabricaci\u00f3n en Aleaci\u00f3n. medida aproximada 15&#215;4 cm. * &hellip;<\/p>\n<p class=\"read-more\"> <a class=\"thunk-readmore button\" href=\"https:\/\/industrialbaymar.es\/en\/product\/abrecartas-especiales\/\"> <span class=\"screen-reader-text\">Abrecartas especiales<\/span>Read More<\/a><\/p>","protected":false},"featured_media":13179,"comment_status":"open","ping_status":"closed","template":"","meta":[],"product_brand":[],"product_cat":[261],"product_tag":[],"class_list":{"0":"post-13178","1":"product","2":"type-product","3":"status-publish","4":"has-post-thumbnail","6":"product_cat-abrecartas","7":"thunk-woo-product-list","8":"opn-qv-enable","9":"top-store-woo-hover-zoom","10":"top-store-single-product-tab-horizontal","11":"top-store-shadow-","12":"top-store-shadow-hover-","14":"first","15":"instock","16":"shipping-taxable","17":"product-type-simple"},"jetpack-related-posts":[],"jetpack_sharing_enabled":true,"_links":{"self":[{"href":"https:\/\/industrialbaymar.es\/en\/wp-json\/wp\/v2\/product\/13178","targetHints":{"allow":["GET"]}}],"collection":[{"href":"https:\/\/industrialbaymar.es\/en\/wp-json\/wp\/v2\/product"}],"about":[{"href":"https:\/\/industrialbaymar.es\/en\/wp-json\/wp\/v2\/types\/product"}],"replies":[{"embeddable":true,"href":"https:\/\/industrialbaymar.es\/en\/wp-json\/wp\/v2\/comments?post=13178"}],"wp:featuredmedia":[{"embeddable":true,"href":"https:\/\/industrialbaymar.es\/en\/wp-json\/wp\/v2\/media\/13179"}],"wp:attachment":[{"href":"https:\/\/industrialbaymar.es\/en\/wp-json\/wp\/v2\/media?parent=13178"}],"wp:term":[{"taxonomy":"product_brand","embeddable":true,"href":"https:\/\/industrialbaymar.es\/en\/wp-json\/wp\/v2\/product_brand?post=13178"},{"taxonomy":"product_cat","embeddable":true,"href":"https:\/\/industrialbaymar.es\/en\/wp-json\/wp\/v2\/product_cat?post=13178"},{"taxonomy":"product_tag","embeddable":true,"href":"https:\/\/industrialbaymar.es\/en\/wp-json\/wp\/v2\/product_tag?post=13178"}],"curies":[{"name":"wp","href":"https:\/\/api.w.org\/{rel}","templated":true}]}}