{"id":13186,"date":"2023-04-09T09:14:53","date_gmt":"2023-04-09T09:14:53","guid":{"rendered":"https:\/\/industrialbaymar.es\/?post_type=product&#038;p=13186"},"modified":"2026-05-10T13:15:23","modified_gmt":"2026-05-10T13:15:23","slug":"jamoneras-2","status":"publish","type":"product","link":"https:\/\/industrialbaymar.es\/en\/product\/jamoneras-2\/","title":{"rendered":"Jamoneras"},"content":{"rendered":"<p>IB 38000 : Jamonera fundici\u00f3n Alto relieve (.4) y Foto con resina (.5) ambas caras.<br \/>\nPieza con grabaci\u00f3n el logo o escudo del cliente para colocarlo en el jamonero. Metal de fabricaci\u00f3n en Aleaci\u00f3n.<br \/>\n* Any measurement or modification can be made.<br \/>\n* El ba\u00f1o de niquel est\u00e1 incluido en el precio base. No incluido esmaltes.<br \/>\n* High relief pieces require a burin or sculpture if there is no original model.<br \/>\n* Consult the rate for supplements and terminations to add or deduct from the base price.<\/p>","protected":false},"excerpt":{"rendered":"<p>IB 38000 : Jamonera fundici\u00f3n Alto relieve (.4) y Foto con resina (.5) ambas caras. Pieza con grabaci\u00f3n el logo o escudo del cliente para colocarlo en el jamonero. Metal de fabricaci\u00f3n en Aleaci\u00f3n. * Se puede realizar cualquier medida o modificaci\u00f3n. * El ba\u00f1o de niquel est\u00e1 incluido en el precio base. No incluido &hellip;<\/p>\n<p class=\"read-more\"> <a class=\"thunk-readmore button\" href=\"https:\/\/industrialbaymar.es\/en\/product\/jamoneras-2\/\"> <span class=\"screen-reader-text\">Jamoneras<\/span>Read More<\/a><\/p>","protected":false},"featured_media":13187,"comment_status":"open","ping_status":"closed","template":"","meta":[],"product_brand":[],"product_cat":[382],"product_tag":[],"class_list":{"0":"post-13186","1":"product","2":"type-product","3":"status-publish","4":"has-post-thumbnail","6":"product_cat-jamoneras","7":"thunk-woo-product-list","8":"opn-qv-enable","9":"top-store-woo-hover-zoom","10":"top-store-single-product-tab-horizontal","11":"top-store-shadow-","12":"top-store-shadow-hover-","14":"first","15":"instock","16":"shipping-taxable","17":"product-type-simple"},"jetpack-related-posts":[],"jetpack_sharing_enabled":true,"_links":{"self":[{"href":"https:\/\/industrialbaymar.es\/en\/wp-json\/wp\/v2\/product\/13186","targetHints":{"allow":["GET"]}}],"collection":[{"href":"https:\/\/industrialbaymar.es\/en\/wp-json\/wp\/v2\/product"}],"about":[{"href":"https:\/\/industrialbaymar.es\/en\/wp-json\/wp\/v2\/types\/product"}],"replies":[{"embeddable":true,"href":"https:\/\/industrialbaymar.es\/en\/wp-json\/wp\/v2\/comments?post=13186"}],"wp:featuredmedia":[{"embeddable":true,"href":"https:\/\/industrialbaymar.es\/en\/wp-json\/wp\/v2\/media\/13187"}],"wp:attachment":[{"href":"https:\/\/industrialbaymar.es\/en\/wp-json\/wp\/v2\/media?parent=13186"}],"wp:term":[{"taxonomy":"product_brand","embeddable":true,"href":"https:\/\/industrialbaymar.es\/en\/wp-json\/wp\/v2\/product_brand?post=13186"},{"taxonomy":"product_cat","embeddable":true,"href":"https:\/\/industrialbaymar.es\/en\/wp-json\/wp\/v2\/product_cat?post=13186"},{"taxonomy":"product_tag","embeddable":true,"href":"https:\/\/industrialbaymar.es\/en\/wp-json\/wp\/v2\/product_tag?post=13186"}],"curies":[{"name":"wp","href":"https:\/\/api.w.org\/{rel}","templated":true}]}}