{"id":13189,"date":"2023-04-09T09:16:52","date_gmt":"2023-04-09T09:16:52","guid":{"rendered":"https:\/\/industrialbaymar.es\/?post_type=product&#038;p=13189"},"modified":"2025-10-23T05:27:23","modified_gmt":"2025-10-23T05:27:23","slug":"hebillas","status":"publish","type":"product","link":"https:\/\/industrialbaymar.es\/en\/product\/hebillas\/","title":{"rendered":"Hebillas"},"content":{"rendered":"<p>IB 39000: Hebilla fundici\u00f3n fotograbado y alto relieve ambas caras. Metal de fabricaci\u00f3n en Aleaci\u00f3n.<br \/>\nIB 39100: Hebilla titanio con especial terminaci\u00f3n y resistencia.<br \/>\n* Any measurement or modification can be made.<br \/>\n* El ba\u00f1o de n\u00edquel est\u00e1 incluido en el precio base.<br \/>\n* Consultar en tarifa suplementos y terminaciones para a\u00f1adir o deducir al precio base<\/p>","protected":false},"excerpt":{"rendered":"<p>IB 39000: Hebilla fundici\u00f3n fotograbado y alto relieve ambas caras. Metal de fabricaci\u00f3n en Aleaci\u00f3n. IB 39100: Hebilla titanio con especial terminaci\u00f3n y resistencia. * Se puede realizar cualquier medida o modificaci\u00f3n. * El ba\u00f1o de n\u00edquel est\u00e1 incluido en el precio base. * Consultar en tarifa suplementos y terminaciones para a\u00f1adir o deducir al &hellip;<\/p>\n<p class=\"read-more\"> <a class=\"thunk-readmore button\" href=\"https:\/\/industrialbaymar.es\/en\/product\/hebillas\/\"> <span class=\"screen-reader-text\">Hebillas<\/span>Read More<\/a><\/p>","protected":false},"featured_media":13411,"comment_status":"open","ping_status":"closed","template":"","meta":[],"product_brand":[],"product_cat":[288],"product_tag":[],"class_list":{"0":"post-13189","1":"product","2":"type-product","3":"status-publish","4":"has-post-thumbnail","6":"product_cat-hebillas","7":"thunk-woo-product-list","8":"opn-qv-enable","9":"top-store-woo-hover-zoom","10":"top-store-single-product-tab-horizontal","11":"top-store-shadow-","12":"top-store-shadow-hover-","14":"first","15":"instock","16":"shipping-taxable","17":"product-type-simple"},"jetpack-related-posts":[],"jetpack_sharing_enabled":true,"_links":{"self":[{"href":"https:\/\/industrialbaymar.es\/en\/wp-json\/wp\/v2\/product\/13189","targetHints":{"allow":["GET"]}}],"collection":[{"href":"https:\/\/industrialbaymar.es\/en\/wp-json\/wp\/v2\/product"}],"about":[{"href":"https:\/\/industrialbaymar.es\/en\/wp-json\/wp\/v2\/types\/product"}],"replies":[{"embeddable":true,"href":"https:\/\/industrialbaymar.es\/en\/wp-json\/wp\/v2\/comments?post=13189"}],"wp:featuredmedia":[{"embeddable":true,"href":"https:\/\/industrialbaymar.es\/en\/wp-json\/wp\/v2\/media\/13411"}],"wp:attachment":[{"href":"https:\/\/industrialbaymar.es\/en\/wp-json\/wp\/v2\/media?parent=13189"}],"wp:term":[{"taxonomy":"product_brand","embeddable":true,"href":"https:\/\/industrialbaymar.es\/en\/wp-json\/wp\/v2\/product_brand?post=13189"},{"taxonomy":"product_cat","embeddable":true,"href":"https:\/\/industrialbaymar.es\/en\/wp-json\/wp\/v2\/product_cat?post=13189"},{"taxonomy":"product_tag","embeddable":true,"href":"https:\/\/industrialbaymar.es\/en\/wp-json\/wp\/v2\/product_tag?post=13189"}],"curies":[{"name":"wp","href":"https:\/\/api.w.org\/{rel}","templated":true}]}}