{"id":13196,"date":"2023-04-09T09:19:53","date_gmt":"2023-04-09T09:19:53","guid":{"rendered":"https:\/\/industrialbaymar.es\/?post_type=product&#038;p=13196"},"modified":"2026-03-31T14:36:01","modified_gmt":"2026-03-31T14:36:01","slug":"piezas-especiales","status":"publish","type":"product","link":"https:\/\/industrialbaymar.es\/en\/product\/piezas-especiales\/","title":{"rendered":"Piezas especiales"},"content":{"rendered":"<p>IB 39700: Placas identificativa en acero inoxidable con grabaci\u00f3n a l\u00e1ser.<br \/>\nIB 39720: Clip para dinero en acero inoxidable. Posibilidad de personalizar.<br \/>\nIB 39800: Pastillero para p\u00edldoras para grabaci\u00f3n a l\u00e1ser o foto con resina.<br \/>\nIB 39900: Separador de libros troquelados. Diferentes formas y medidas a realizar.<br \/>\n* El ba\u00f1o de niquel est\u00e1 incluido en el precio base. No incluido esmaltes.<br \/>\n* Consult the rate for supplements and terminations to add or deduct from the base price.<\/p>","protected":false},"excerpt":{"rendered":"<p>IB 39700: Placas identificativa en acero inoxidable con grabaci\u00f3n a l\u00e1ser. IB 39720: Clip para dinero en acero inoxidable. Posibilidad de personalizar. IB 39800: Pastillero para p\u00edldoras para grabaci\u00f3n a l\u00e1ser o foto con resina. IB 39900: Separador de libros troquelados. Diferentes formas y medidas a realizar. * El ba\u00f1o de niquel est\u00e1 incluido en &hellip;<\/p>\n<p class=\"read-more\"> <a class=\"thunk-readmore button\" href=\"https:\/\/industrialbaymar.es\/en\/product\/piezas-especiales\/\"> <span class=\"screen-reader-text\">Piezas especiales<\/span>Read More<\/a><\/p>","protected":false},"featured_media":13197,"comment_status":"open","ping_status":"closed","template":"","meta":[],"product_brand":[],"product_cat":[383],"product_tag":[],"class_list":{"0":"post-13196","1":"product","2":"type-product","3":"status-publish","4":"has-post-thumbnail","6":"product_cat-piezas-especiales","7":"thunk-woo-product-list","8":"opn-qv-enable","9":"top-store-woo-hover-zoom","10":"top-store-single-product-tab-horizontal","11":"top-store-shadow-","12":"top-store-shadow-hover-","14":"first","15":"instock","16":"shipping-taxable","17":"product-type-simple"},"jetpack-related-posts":[],"jetpack_sharing_enabled":true,"_links":{"self":[{"href":"https:\/\/industrialbaymar.es\/en\/wp-json\/wp\/v2\/product\/13196","targetHints":{"allow":["GET"]}}],"collection":[{"href":"https:\/\/industrialbaymar.es\/en\/wp-json\/wp\/v2\/product"}],"about":[{"href":"https:\/\/industrialbaymar.es\/en\/wp-json\/wp\/v2\/types\/product"}],"replies":[{"embeddable":true,"href":"https:\/\/industrialbaymar.es\/en\/wp-json\/wp\/v2\/comments?post=13196"}],"wp:featuredmedia":[{"embeddable":true,"href":"https:\/\/industrialbaymar.es\/en\/wp-json\/wp\/v2\/media\/13197"}],"wp:attachment":[{"href":"https:\/\/industrialbaymar.es\/en\/wp-json\/wp\/v2\/media?parent=13196"}],"wp:term":[{"taxonomy":"product_brand","embeddable":true,"href":"https:\/\/industrialbaymar.es\/en\/wp-json\/wp\/v2\/product_brand?post=13196"},{"taxonomy":"product_cat","embeddable":true,"href":"https:\/\/industrialbaymar.es\/en\/wp-json\/wp\/v2\/product_cat?post=13196"},{"taxonomy":"product_tag","embeddable":true,"href":"https:\/\/industrialbaymar.es\/en\/wp-json\/wp\/v2\/product_tag?post=13196"}],"curies":[{"name":"wp","href":"https:\/\/api.w.org\/{rel}","templated":true}]}}