{"id":13201,"date":"2023-04-09T09:21:21","date_gmt":"2023-04-09T09:21:21","guid":{"rendered":"https:\/\/industrialbaymar.es\/?post_type=product&#038;p=13201"},"modified":"2026-05-10T13:19:43","modified_gmt":"2026-05-10T13:19:43","slug":"piezas-especiales-2","status":"publish","type":"product","link":"https:\/\/industrialbaymar.es\/en\/product\/piezas-especiales-2\/","title":{"rendered":"Piezas especiales"},"content":{"rendered":"<p>IB 41000 : Placa conmemorativa en Alto relieve en plata oxidada con figuras en sobrepuesto en ba\u00f1o de oro. Medida 19&#215;11 cm.<br \/>\nIB 41101 : Pieza especial en Alto relieve en ba\u00f1o de oro . Medida 8 cm.<br \/>\nIB 41002 : Crucifijo en Alto relieve en plata oxidada. Medida 12&#215;8 cm.<br \/>\nIB 41004 : Llave en Alto relieve en ba\u00f1o de oro. Posibilidad de adaptaci\u00f3n de logo por ambas caras. Medida 20x6x1.5 cm<br \/>\n* Any measurement or modification can be made.<br \/>\n* El ba\u00f1o de n\u00cdquel est\u00e1 incluido en el precio base. No incluido esmaltes.<br \/>\n* High relief pieces require a burin or sculpture if there is no original model.<br \/>\n* Consult the rate for supplements and terminations to add or deduct from the base price.<\/p>","protected":false},"excerpt":{"rendered":"<p>IB 41000 : Placa conmemorativa en Alto relieve en plata oxidada con figuras en sobrepuesto en ba\u00f1o de oro. Medida 19&#215;11 cm. IB 41101 : Pieza especial en Alto relieve en ba\u00f1o de oro . Medida 8 cm. IB 41002 : Crucifijo en Alto relieve en plata oxidada. Medida 12&#215;8 cm. IB 41004 : Llave &hellip;<\/p>\n<p class=\"read-more\"> <a class=\"thunk-readmore button\" href=\"https:\/\/industrialbaymar.es\/en\/product\/piezas-especiales-2\/\"> <span class=\"screen-reader-text\">Piezas especiales<\/span>Read More<\/a><\/p>","protected":false},"featured_media":13203,"comment_status":"open","ping_status":"closed","template":"","meta":[],"product_brand":[],"product_cat":[383],"product_tag":[],"class_list":{"0":"post-13201","1":"product","2":"type-product","3":"status-publish","4":"has-post-thumbnail","6":"product_cat-piezas-especiales","7":"thunk-woo-product-list","8":"opn-qv-enable","9":"top-store-woo-hover-zoom","10":"top-store-single-product-tab-horizontal","11":"top-store-shadow-","12":"top-store-shadow-hover-","14":"first","15":"instock","16":"shipping-taxable","17":"product-type-simple"},"jetpack-related-posts":[],"jetpack_sharing_enabled":true,"_links":{"self":[{"href":"https:\/\/industrialbaymar.es\/en\/wp-json\/wp\/v2\/product\/13201","targetHints":{"allow":["GET"]}}],"collection":[{"href":"https:\/\/industrialbaymar.es\/en\/wp-json\/wp\/v2\/product"}],"about":[{"href":"https:\/\/industrialbaymar.es\/en\/wp-json\/wp\/v2\/types\/product"}],"replies":[{"embeddable":true,"href":"https:\/\/industrialbaymar.es\/en\/wp-json\/wp\/v2\/comments?post=13201"}],"wp:featuredmedia":[{"embeddable":true,"href":"https:\/\/industrialbaymar.es\/en\/wp-json\/wp\/v2\/media\/13203"}],"wp:attachment":[{"href":"https:\/\/industrialbaymar.es\/en\/wp-json\/wp\/v2\/media?parent=13201"}],"wp:term":[{"taxonomy":"product_brand","embeddable":true,"href":"https:\/\/industrialbaymar.es\/en\/wp-json\/wp\/v2\/product_brand?post=13201"},{"taxonomy":"product_cat","embeddable":true,"href":"https:\/\/industrialbaymar.es\/en\/wp-json\/wp\/v2\/product_cat?post=13201"},{"taxonomy":"product_tag","embeddable":true,"href":"https:\/\/industrialbaymar.es\/en\/wp-json\/wp\/v2\/product_tag?post=13201"}],"curies":[{"name":"wp","href":"https:\/\/api.w.org\/{rel}","templated":true}]}}