{"id":13206,"date":"2023-04-09T09:22:04","date_gmt":"2023-04-09T09:22:04","guid":{"rendered":"https:\/\/industrialbaymar.es\/?post_type=product&#038;p=13206"},"modified":"2026-05-12T21:04:58","modified_gmt":"2026-05-12T21:04:58","slug":"piezas-especiales-3","status":"publish","type":"product","link":"https:\/\/industrialbaymar.es\/en\/product\/piezas-especiales-3\/","title":{"rendered":"Piezas especiales"},"content":{"rendered":"<p>IB 41010 : Modelo misil realizado en peltre y en ba\u00f1o de oro. Medida 20x19x6 cm.<br \/>\n* Any measurement or modification can be made.<br \/>\n* Este tipo de piezas la adaptaci\u00f3n requiere consulta de precio<\/p>","protected":false},"excerpt":{"rendered":"<p>IB 41010 : Modelo misil realizado en peltre y en ba\u00f1o de oro. Medida 20x19x6 cm. * Se puede realizar cualquier medida o modificaci\u00f3n. * Este tipo de piezas la adaptaci\u00f3n requiere consulta de precio<\/p>","protected":false},"featured_media":13207,"comment_status":"open","ping_status":"closed","template":"","meta":[],"product_brand":[],"product_cat":[383],"product_tag":[],"class_list":{"0":"post-13206","1":"product","2":"type-product","3":"status-publish","4":"has-post-thumbnail","6":"product_cat-piezas-especiales","7":"thunk-woo-product-list","8":"opn-qv-enable","9":"top-store-woo-hover-zoom","10":"top-store-single-product-tab-horizontal","11":"top-store-shadow-","12":"top-store-shadow-hover-","14":"first","15":"instock","16":"shipping-taxable","17":"product-type-simple"},"jetpack-related-posts":[],"jetpack_sharing_enabled":true,"_links":{"self":[{"href":"https:\/\/industrialbaymar.es\/en\/wp-json\/wp\/v2\/product\/13206","targetHints":{"allow":["GET"]}}],"collection":[{"href":"https:\/\/industrialbaymar.es\/en\/wp-json\/wp\/v2\/product"}],"about":[{"href":"https:\/\/industrialbaymar.es\/en\/wp-json\/wp\/v2\/types\/product"}],"replies":[{"embeddable":true,"href":"https:\/\/industrialbaymar.es\/en\/wp-json\/wp\/v2\/comments?post=13206"}],"wp:featuredmedia":[{"embeddable":true,"href":"https:\/\/industrialbaymar.es\/en\/wp-json\/wp\/v2\/media\/13207"}],"wp:attachment":[{"href":"https:\/\/industrialbaymar.es\/en\/wp-json\/wp\/v2\/media?parent=13206"}],"wp:term":[{"taxonomy":"product_brand","embeddable":true,"href":"https:\/\/industrialbaymar.es\/en\/wp-json\/wp\/v2\/product_brand?post=13206"},{"taxonomy":"product_cat","embeddable":true,"href":"https:\/\/industrialbaymar.es\/en\/wp-json\/wp\/v2\/product_cat?post=13206"},{"taxonomy":"product_tag","embeddable":true,"href":"https:\/\/industrialbaymar.es\/en\/wp-json\/wp\/v2\/product_tag?post=13206"}],"curies":[{"name":"wp","href":"https:\/\/api.w.org\/{rel}","templated":true}]}}