{"id":13228,"date":"2023-04-09T09:30:21","date_gmt":"2023-04-09T09:30:21","guid":{"rendered":"https:\/\/industrialbaymar.es\/?post_type=product&#038;p=13228"},"modified":"2026-03-31T14:38:42","modified_gmt":"2026-03-31T14:38:42","slug":"trofeos-de-cristal-2","status":"publish","type":"product","link":"https:\/\/industrialbaymar.es\/en\/product\/trofeos-de-cristal-2\/","title":{"rendered":"Trofeos de cristal"},"content":{"rendered":"<p>IB 42120: Pieza de cristal con representaci\u00f3n de la Virgen<br \/>\ndel Carmen. Medida 80*70*15 mm.<br \/>\nIB 42119: Cruz de cristal para grabaci\u00f3n a laser.<br \/>\nMedidas 210*82*55 mm.<br \/>\nIB 42550: Pieza de cristal para grabaci\u00f3n a laser.<br \/>\nMedida 85*19*86 mm<\/p>","protected":false},"excerpt":{"rendered":"<p>IB 42120: Pieza de cristal con representaci\u00f3n de la Virgen del Carmen. Medida 80*70*15 mm. IB 42119: Cruz de cristal para grabaci\u00f3n a laser. Medidas 210*82*55 mm. IB 42550: Pieza de cristal para grabaci\u00f3n a laser. Medida 85*19*86 mm<\/p>","protected":false},"featured_media":13229,"comment_status":"open","ping_status":"closed","template":"","meta":[],"product_brand":[],"product_cat":[283],"product_tag":[],"class_list":{"0":"post-13228","1":"product","2":"type-product","3":"status-publish","4":"has-post-thumbnail","6":"product_cat-trofeos-varios","7":"thunk-woo-product-list","8":"opn-qv-enable","9":"top-store-woo-hover-zoom","10":"top-store-single-product-tab-horizontal","11":"top-store-shadow-","12":"top-store-shadow-hover-","14":"first","15":"instock","16":"shipping-taxable","17":"product-type-simple"},"jetpack-related-posts":[],"jetpack_sharing_enabled":true,"_links":{"self":[{"href":"https:\/\/industrialbaymar.es\/en\/wp-json\/wp\/v2\/product\/13228","targetHints":{"allow":["GET"]}}],"collection":[{"href":"https:\/\/industrialbaymar.es\/en\/wp-json\/wp\/v2\/product"}],"about":[{"href":"https:\/\/industrialbaymar.es\/en\/wp-json\/wp\/v2\/types\/product"}],"replies":[{"embeddable":true,"href":"https:\/\/industrialbaymar.es\/en\/wp-json\/wp\/v2\/comments?post=13228"}],"wp:featuredmedia":[{"embeddable":true,"href":"https:\/\/industrialbaymar.es\/en\/wp-json\/wp\/v2\/media\/13229"}],"wp:attachment":[{"href":"https:\/\/industrialbaymar.es\/en\/wp-json\/wp\/v2\/media?parent=13228"}],"wp:term":[{"taxonomy":"product_brand","embeddable":true,"href":"https:\/\/industrialbaymar.es\/en\/wp-json\/wp\/v2\/product_brand?post=13228"},{"taxonomy":"product_cat","embeddable":true,"href":"https:\/\/industrialbaymar.es\/en\/wp-json\/wp\/v2\/product_cat?post=13228"},{"taxonomy":"product_tag","embeddable":true,"href":"https:\/\/industrialbaymar.es\/en\/wp-json\/wp\/v2\/product_tag?post=13228"}],"curies":[{"name":"wp","href":"https:\/\/api.w.org\/{rel}","templated":true}]}}