{"id":13232,"date":"2023-04-09T09:31:08","date_gmt":"2023-04-09T09:31:08","guid":{"rendered":"https:\/\/industrialbaymar.es\/?post_type=product&#038;p=13232"},"modified":"2026-03-31T14:39:07","modified_gmt":"2026-03-31T14:39:07","slug":"trofeos-de-cristal-3","status":"publish","type":"product","link":"https:\/\/industrialbaymar.es\/en\/product\/trofeos-de-cristal-3\/","title":{"rendered":"Trofeos de cristal"},"content":{"rendered":"<p>IB 42204 : Trofeo de cristal para grabaci\u00f3n a laser.<br \/>\nMedidas 254*75*75 mm.<br \/>\nIB 42209 : Trofeo de cristal para grabaci\u00f3n a laser.<br \/>\nMedidas 190*70 \/ 140*70 mm.<br \/>\nIB 42210 : Trofeo de cristal para grabaci\u00f3n a laser.<br \/>\nMedidas 150*60*60 mm.<br \/>\nIB 42218 : Trofeo de cristal para grabaci\u00f3n a laser.<br \/>\nMedidas 254*63*63 mm. \/ 190*63*63 mm.<\/p>\n<p>* Podemos realizar cualquier modelo.<br \/>\n* Consultar otras medidas disponibles.<br \/>\n* Precio de l\u00e1ser depender\u00e1 del dise\u00f1o enviado por el cliente.<\/p>","protected":false},"excerpt":{"rendered":"<p>IB 42204 : Trofeo de cristal para grabaci\u00f3n a laser. Medidas 254*75*75 mm. IB 42209 : Trofeo de cristal para grabaci\u00f3n a laser. Medidas 190*70 \/ 140*70 mm. IB 42210 : Trofeo de cristal para grabaci\u00f3n a laser. Medidas 150*60*60 mm. IB 42218 : Trofeo de cristal para grabaci\u00f3n a laser. Medidas 254*63*63 mm. \/ &hellip;<\/p>\n<p class=\"read-more\"> <a class=\"thunk-readmore button\" href=\"https:\/\/industrialbaymar.es\/en\/product\/trofeos-de-cristal-3\/\"> <span class=\"screen-reader-text\">Trofeos de cristal<\/span>Read More<\/a><\/p>","protected":false},"featured_media":13233,"comment_status":"open","ping_status":"closed","template":"","meta":[],"product_brand":[],"product_cat":[283],"product_tag":[],"class_list":{"0":"post-13232","1":"product","2":"type-product","3":"status-publish","4":"has-post-thumbnail","6":"product_cat-trofeos-varios","7":"thunk-woo-product-list","8":"opn-qv-enable","9":"top-store-woo-hover-zoom","10":"top-store-single-product-tab-horizontal","11":"top-store-shadow-","12":"top-store-shadow-hover-","14":"first","15":"instock","16":"shipping-taxable","17":"product-type-simple"},"jetpack-related-posts":[],"jetpack_sharing_enabled":true,"_links":{"self":[{"href":"https:\/\/industrialbaymar.es\/en\/wp-json\/wp\/v2\/product\/13232","targetHints":{"allow":["GET"]}}],"collection":[{"href":"https:\/\/industrialbaymar.es\/en\/wp-json\/wp\/v2\/product"}],"about":[{"href":"https:\/\/industrialbaymar.es\/en\/wp-json\/wp\/v2\/types\/product"}],"replies":[{"embeddable":true,"href":"https:\/\/industrialbaymar.es\/en\/wp-json\/wp\/v2\/comments?post=13232"}],"wp:featuredmedia":[{"embeddable":true,"href":"https:\/\/industrialbaymar.es\/en\/wp-json\/wp\/v2\/media\/13233"}],"wp:attachment":[{"href":"https:\/\/industrialbaymar.es\/en\/wp-json\/wp\/v2\/media?parent=13232"}],"wp:term":[{"taxonomy":"product_brand","embeddable":true,"href":"https:\/\/industrialbaymar.es\/en\/wp-json\/wp\/v2\/product_brand?post=13232"},{"taxonomy":"product_cat","embeddable":true,"href":"https:\/\/industrialbaymar.es\/en\/wp-json\/wp\/v2\/product_cat?post=13232"},{"taxonomy":"product_tag","embeddable":true,"href":"https:\/\/industrialbaymar.es\/en\/wp-json\/wp\/v2\/product_tag?post=13232"}],"curies":[{"name":"wp","href":"https:\/\/api.w.org\/{rel}","templated":true}]}}