{"id":13238,"date":"2023-04-09T09:32:28","date_gmt":"2023-04-09T09:32:28","guid":{"rendered":"https:\/\/industrialbaymar.es\/?post_type=product&#038;p=13238"},"modified":"2025-10-21T02:24:24","modified_gmt":"2025-10-21T02:24:24","slug":"trofeos-de-cristal-4","status":"publish","type":"product","link":"https:\/\/industrialbaymar.es\/en\/product\/trofeos-de-cristal-4\/","title":{"rendered":"Trofeos de cristal"},"content":{"rendered":"<p>IB 42230: Trofeo de cristal para grabaci\u00f3n a laser.<br \/>\nMedidas 255*150*120 mm.<br \/>\nIB 42234: Trofeo de cristal para grabaci\u00f3n a laser.<br \/>\nMedidas 50*50*50 mm.<br \/>\nIB 42250: Trofeo de cristal disponible en diferentes medidas disponibles:<br \/>\nMedidas 30*20*15 mm. \/ 60*50*45 mm. \/ 100*60*45 mm.<br \/>\nIB 42280: Trofeo cristal de 70&#215;50 mm<br \/>\n* Podemos realizar cualquier modelo.<br \/>\n* Consultar otras medidas disponibles.<br \/>\n* Precio de l\u00e1ser depender\u00e1 del dise\u00f1o enviado por el cliente.<\/p>","protected":false},"excerpt":{"rendered":"<p>IB 42230: Trofeo de cristal para grabaci\u00f3n a laser. Medidas 255*150*120 mm. IB 42234: Trofeo de cristal para grabaci\u00f3n a laser. Medidas 50*50*50 mm. IB 42250: Trofeo de cristal disponible en diferentes medidas disponibles: Medidas 30*20*15 mm. \/ 60*50*45 mm. \/ 100*60*45 mm. IB 42280: Trofeo cristal de 70&#215;50 mm * Podemos realizar cualquier modelo. &hellip;<\/p>\n<p class=\"read-more\"> <a class=\"thunk-readmore button\" href=\"https:\/\/industrialbaymar.es\/en\/product\/trofeos-de-cristal-4\/\"> <span class=\"screen-reader-text\">Trofeos de cristal<\/span>Read More<\/a><\/p>","protected":false},"featured_media":13235,"comment_status":"open","ping_status":"closed","template":"","meta":[],"product_brand":[],"product_cat":[283],"product_tag":[],"class_list":{"0":"post-13238","1":"product","2":"type-product","3":"status-publish","4":"has-post-thumbnail","6":"product_cat-trofeos-varios","7":"thunk-woo-product-list","8":"opn-qv-enable","9":"top-store-woo-hover-zoom","10":"top-store-single-product-tab-horizontal","11":"top-store-shadow-","12":"top-store-shadow-hover-","14":"first","15":"instock","16":"shipping-taxable","17":"product-type-simple"},"jetpack-related-posts":[],"jetpack_sharing_enabled":true,"_links":{"self":[{"href":"https:\/\/industrialbaymar.es\/en\/wp-json\/wp\/v2\/product\/13238","targetHints":{"allow":["GET"]}}],"collection":[{"href":"https:\/\/industrialbaymar.es\/en\/wp-json\/wp\/v2\/product"}],"about":[{"href":"https:\/\/industrialbaymar.es\/en\/wp-json\/wp\/v2\/types\/product"}],"replies":[{"embeddable":true,"href":"https:\/\/industrialbaymar.es\/en\/wp-json\/wp\/v2\/comments?post=13238"}],"wp:featuredmedia":[{"embeddable":true,"href":"https:\/\/industrialbaymar.es\/en\/wp-json\/wp\/v2\/media\/13235"}],"wp:attachment":[{"href":"https:\/\/industrialbaymar.es\/en\/wp-json\/wp\/v2\/media?parent=13238"}],"wp:term":[{"taxonomy":"product_brand","embeddable":true,"href":"https:\/\/industrialbaymar.es\/en\/wp-json\/wp\/v2\/product_brand?post=13238"},{"taxonomy":"product_cat","embeddable":true,"href":"https:\/\/industrialbaymar.es\/en\/wp-json\/wp\/v2\/product_cat?post=13238"},{"taxonomy":"product_tag","embeddable":true,"href":"https:\/\/industrialbaymar.es\/en\/wp-json\/wp\/v2\/product_tag?post=13238"}],"curies":[{"name":"wp","href":"https:\/\/api.w.org\/{rel}","templated":true}]}}