{"id":13475,"date":"2023-04-12T17:06:17","date_gmt":"2023-04-12T17:06:17","guid":{"rendered":"https:\/\/industrialbaymar.es\/?post_type=product&#038;p=13475"},"modified":"2025-10-24T14:36:37","modified_gmt":"2025-10-24T14:36:37","slug":"lanyards-poliester","status":"publish","type":"product","link":"https:\/\/industrialbaymar.es\/en\/product\/lanyards-poliester\/","title":{"rendered":"Lanyards"},"content":{"rendered":"<p>IB 16100: Landyards Mod. Flat poliester. Mod. m\u00e1s econ\u00f3mico. Impresi\u00f3n en serigraf\u00eda. Medida 45 cm.<\/p>","protected":false},"excerpt":{"rendered":"<p>IB 16100: Landyards Mod. Flat poliester. Mod. m\u00e1s econ\u00f3mico. Impresi\u00f3n en serigraf\u00eda. Medida 45 cm.<\/p>","protected":false},"featured_media":13481,"comment_status":"open","ping_status":"closed","template":"","meta":[],"product_brand":[],"product_cat":[243],"product_tag":[],"class_list":{"0":"post-13475","1":"product","2":"type-product","3":"status-publish","4":"has-post-thumbnail","6":"product_cat-landyards","7":"thunk-woo-product-list","8":"opn-qv-enable","9":"top-store-woo-hover-zoom","10":"top-store-single-product-tab-horizontal","11":"top-store-shadow-","12":"top-store-shadow-hover-","14":"first","15":"instock","16":"shipping-taxable","17":"product-type-simple"},"jetpack-related-posts":[],"jetpack_sharing_enabled":true,"_links":{"self":[{"href":"https:\/\/industrialbaymar.es\/en\/wp-json\/wp\/v2\/product\/13475","targetHints":{"allow":["GET"]}}],"collection":[{"href":"https:\/\/industrialbaymar.es\/en\/wp-json\/wp\/v2\/product"}],"about":[{"href":"https:\/\/industrialbaymar.es\/en\/wp-json\/wp\/v2\/types\/product"}],"replies":[{"embeddable":true,"href":"https:\/\/industrialbaymar.es\/en\/wp-json\/wp\/v2\/comments?post=13475"}],"wp:featuredmedia":[{"embeddable":true,"href":"https:\/\/industrialbaymar.es\/en\/wp-json\/wp\/v2\/media\/13481"}],"wp:attachment":[{"href":"https:\/\/industrialbaymar.es\/en\/wp-json\/wp\/v2\/media?parent=13475"}],"wp:term":[{"taxonomy":"product_brand","embeddable":true,"href":"https:\/\/industrialbaymar.es\/en\/wp-json\/wp\/v2\/product_brand?post=13475"},{"taxonomy":"product_cat","embeddable":true,"href":"https:\/\/industrialbaymar.es\/en\/wp-json\/wp\/v2\/product_cat?post=13475"},{"taxonomy":"product_tag","embeddable":true,"href":"https:\/\/industrialbaymar.es\/en\/wp-json\/wp\/v2\/product_tag?post=13475"}],"curies":[{"name":"wp","href":"https:\/\/api.w.org\/{rel}","templated":true}]}}